{"id":1211,"date":"2025-07-03T11:04:16","date_gmt":"2025-07-03T09:04:16","guid":{"rendered":"https:\/\/www.helsingdistillery.se\/?page_id=1211"},"modified":"2025-09-06T10:10:11","modified_gmt":"2025-09-06T08:10:11","slug":"helsing-negroni","status":"publish","type":"page","link":"https:\/\/www.helsingdistillery.se\/en\/helsing-negroni\/","title":{"rendered":"HELSING NEGRONI"},"content":{"rendered":"<div data-elementor-type=\"wp-page\" data-elementor-id=\"1211\" class=\"elementor elementor-1211\" data-elementor-post-type=\"page\">\n\t\t\t\t\t\t<section class=\"elementor-section elementor-top-section elementor-element elementor-element-664764e elementor-section-full_width elementor-section-height-min-height elementor-section-height-default elementor-section-items-middle\" data-id=\"664764e\" data-element_type=\"section\">\n\t\t\t\t\t\t<div class=\"elementor-container elementor-column-gap-default\">\n\t\t\t\t\t<div class=\"elementor-column elementor-col-50 elementor-top-column elementor-element elementor-element-0b0051c\" data-id=\"0b0051c\" data-element_type=\"column\">\n\t\t\t<div class=\"elementor-widget-wrap elementor-element-populated\">\n\t\t\t\t\t\t<div class=\"elementor-element elementor-element-b6c30db elementor-align-start elementor-icon-list--layout-traditional elementor-list-item-link-full_width elementor-widget elementor-widget-icon-list\" data-id=\"b6c30db\" data-element_type=\"widget\" data-widget_type=\"icon-list.default\">\n\t\t\t\t<div class=\"elementor-widget-container\">\n\t\t\t\t\t\t\t<ul class=\"elementor-icon-list-items\">\n\t\t\t\t\t\t\t<li class=\"elementor-icon-list-item\">\n\t\t\t\t\t\t\t\t\t\t\t<a href=\"https:\/\/www.helsingdistillery.se\/en\/ready-to-serve\/\">\n\n\t\t\t\t\t\t\t\t\t\t\t\t<span class=\"elementor-icon-list-icon\">\n\t\t\t\t\t\t\t<i aria-hidden=\"true\" class=\"fal fa-long-arrow-left\"><\/i>\t\t\t\t\t\t<\/span>\n\t\t\t\t\t\t\t\t\t\t<span class=\"elementor-icon-list-text\">Tillbaka<\/span>\n\t\t\t\t\t\t\t\t\t\t\t<\/a>\n\t\t\t\t\t\t\t\t\t<\/li>\n\t\t\t\t\t\t<\/ul>\n\t\t\t\t\t\t<\/div>\n\t\t\t\t<\/div>\n\t\t\t\t<div class=\"elementor-element elementor-element-e6f7bcb elementor-widget elementor-widget-image\" data-id=\"e6f7bcb\" data-element_type=\"widget\" data-widget_type=\"image.default\">\n\t\t\t\t<div class=\"elementor-widget-container\">\n\t\t\t\t\t\t\t\t\t\t\t\t\t\t\t<img fetchpriority=\"high\" decoding=\"async\" width=\"558\" height=\"1006\" src=\"https:\/\/www.helsingdistillery.se\/wp-content\/uploads\/2025\/08\/Skarmavbild-2025-08-14-kl.-21.39.41.png\" class=\"attachment-large size-large wp-image-1322\" alt=\"\" srcset=\"https:\/\/www.helsingdistillery.se\/wp-content\/uploads\/2025\/08\/Skarmavbild-2025-08-14-kl.-21.39.41.png 558w, https:\/\/www.helsingdistillery.se\/wp-content\/uploads\/2025\/08\/Skarmavbild-2025-08-14-kl.-21.39.41-166x300.png 166w, https:\/\/www.helsingdistillery.se\/wp-content\/uploads\/2025\/08\/Skarmavbild-2025-08-14-kl.-21.39.41-7x12.png 7w\" sizes=\"(max-width: 558px) 100vw, 558px\" \/>\t\t\t\t\t\t\t\t\t\t\t\t\t\t\t<\/div>\n\t\t\t\t<\/div>\n\t\t\t\t\t<\/div>\n\t\t<\/div>\n\t\t\t\t<div class=\"elementor-column elementor-col-50 elementor-top-column elementor-element elementor-element-47c2962\" data-id=\"47c2962\" data-element_type=\"column\">\n\t\t\t<div class=\"elementor-widget-wrap elementor-element-populated\">\n\t\t\t\t\t\t<div class=\"elementor-element elementor-element-10079d6 elementor-invisible elementor-widget elementor-widget-heading\" data-id=\"10079d6\" data-element_type=\"widget\" data-settings=\"{&quot;_animation&quot;:&quot;fadeIn&quot;,&quot;_animation_delay&quot;:&quot;400&quot;}\" data-widget_type=\"heading.default\">\n\t\t\t\t<div class=\"elementor-widget-container\">\n\t\t\t\t\t<h5 class=\"elementor-heading-title elementor-size-default\">HELSING NEGRONI<\/h5>\t\t\t\t<\/div>\n\t\t\t\t<\/div>\n\t\t\t\t<div class=\"elementor-element elementor-element-898b91b elementor-widget elementor-widget-heading\" data-id=\"898b91b\" data-element_type=\"widget\" data-widget_type=\"heading.default\">\n\t\t\t\t<div class=\"elementor-widget-container\">\n\t\t\t\t\t<h5 class=\"elementor-heading-title elementor-size-default\">28.5% vol.<\/h5>\t\t\t\t<\/div>\n\t\t\t\t<\/div>\n\t\t\t\t<div class=\"elementor-element elementor-element-fbc62ac elementor-widget-divider--view-line elementor-widget elementor-widget-divider\" data-id=\"fbc62ac\" data-element_type=\"widget\" data-widget_type=\"divider.default\">\n\t\t\t\t<div class=\"elementor-widget-container\">\n\t\t\t\t\t\t\t<div class=\"elementor-divider\">\n\t\t\t<span class=\"elementor-divider-separator\">\n\t\t\t\t\t\t<\/span>\n\t\t<\/div>\n\t\t\t\t\t\t<\/div>\n\t\t\t\t<\/div>\n\t\t\t\t<div class=\"elementor-element elementor-element-1dec04d elementor-widget elementor-widget-heading\" data-id=\"1dec04d\" data-element_type=\"widget\" data-widget_type=\"heading.default\">\n\t\t\t\t<div class=\"elementor-widget-container\">\n\t\t\t\t\t<h3 class=\"elementor-heading-title elementor-size-default\">Kryddig, s\u00f6t smak med bitterhet och inslag av \u00f6rter, enb\u00e4r, fl\u00e4der, kanel och pomerans. <\/h3>\t\t\t\t<\/div>\n\t\t\t\t<\/div>\n\t\t\t\t<div class=\"elementor-element elementor-element-3ffeb3b elementor-widget elementor-widget-text-editor\" data-id=\"3ffeb3b\" data-element_type=\"widget\" data-widget_type=\"text-editor.default\">\n\t\t\t\t<div class=\"elementor-widget-container\">\n\t\t\t\t\t\t\t\t\t<div>En ready to serve cocktail p\u00e5 flaska f\u00f6r dig som uppskattar mycket smak.\u00a0<\/div><div>Drycken \u00e4r baserad p\u00e5 v\u00e5r fatlagrade gin som vilade 12 m\u00e5nader p\u00e5 v\u00e5ra egna vermouthfat, vermouth rosso fr\u00e5n g\u00e5rden och en bitter. En cocktail som \u00e4r i balans och ger utrymme f\u00f6r alla de 19 \u00f6rter som smaks\u00e4tter vermouthen.\u00a0<\/div><div>\u00a0<\/div><div>LANSERAS I G\u00c5RDSBUTIKEN 26 SEPTEMBER OCH P\u00c5 SYSTEMBOLAGET 6 OKTOBER 2025 MEN KAN REDAN NU PROVSMAKAS P\u00c5 G\u00c5RDEN.\u00a0<\/div><div>\u00a0<\/div><div>THE PERFECT SERVE<\/div><div>Tag ett tumblerglas. L\u00e4gg i en stor isbit. M\u00e4t och h\u00e4ll upp 6 cl. av Helsing Negroni. Riv lite apelsinzest och garnera.\u00a0<\/div><div>\u00a0<\/div><div>\u00a0<\/div><div>\u00a0<\/div>\t\t\t\t\t\t\t\t<\/div>\n\t\t\t\t<\/div>\n\t\t\t\t\t<\/div>\n\t\t<\/div>\n\t\t\t\t\t<\/div>\n\t\t<\/section>\n\t\t\t\t<\/div>","protected":false},"excerpt":{"rendered":"<p>Tillbaka HELSING NEGRONI 28.5% vol. Kryddig, s\u00f6t smak med bitterhet och inslag av \u00f6rter, enb\u00e4r, fl\u00e4der, kanel och pomerans. En ready to serve cocktail p\u00e5 flaska f\u00f6r dig som uppskattar mycket smak.\u00a0Drycken \u00e4r baserad p\u00e5 v\u00e5r fatlagrade gin som vilade 12 m\u00e5nader p\u00e5 v\u00e5ra egna vermouthfat, vermouth rosso fr\u00e5n g\u00e5rden och en bitter. En cocktail [&hellip;]<\/p>","protected":false},"author":3,"featured_media":0,"parent":0,"menu_order":0,"comment_status":"closed","ping_status":"closed","template":"","meta":{"_seopress_robots_primary_cat":"","_seopress_titles_title":"","_seopress_titles_desc":"","_seopress_robots_index":"","footnotes":""},"Pagecategories":[],"class_list":["post-1211","page","type-page","status-publish","hentry"],"meta_box":[],"_links":{"self":[{"href":"https:\/\/www.helsingdistillery.se\/en\/wp-json\/wp\/v2\/pages\/1211","targetHints":{"allow":["GET"]}}],"collection":[{"href":"https:\/\/www.helsingdistillery.se\/en\/wp-json\/wp\/v2\/pages"}],"about":[{"href":"https:\/\/www.helsingdistillery.se\/en\/wp-json\/wp\/v2\/types\/page"}],"author":[{"embeddable":true,"href":"https:\/\/www.helsingdistillery.se\/en\/wp-json\/wp\/v2\/users\/3"}],"replies":[{"embeddable":true,"href":"https:\/\/www.helsingdistillery.se\/en\/wp-json\/wp\/v2\/comments?post=1211"}],"version-history":[{"count":40,"href":"https:\/\/www.helsingdistillery.se\/en\/wp-json\/wp\/v2\/pages\/1211\/revisions"}],"predecessor-version":[{"id":1418,"href":"https:\/\/www.helsingdistillery.se\/en\/wp-json\/wp\/v2\/pages\/1211\/revisions\/1418"}],"wp:attachment":[{"href":"https:\/\/www.helsingdistillery.se\/en\/wp-json\/wp\/v2\/media?parent=1211"}],"wp:term":[{"taxonomy":"Pagecategories","embeddable":true,"href":"https:\/\/www.helsingdistillery.se\/en\/wp-json\/wp\/v2\/Pagecategories?post=1211"}],"curies":[{"name":"wp","href":"https:\/\/api.w.org\/{rel}","templated":true}]}}