{"id":1486,"date":"2026-02-03T10:57:00","date_gmt":"2026-02-03T09:57:00","guid":{"rendered":"https:\/\/www.helsingdistillery.se\/?page_id=1486"},"modified":"2026-04-08T18:32:54","modified_gmt":"2026-04-08T16:32:54","slug":"nya-produkten","status":"publish","type":"page","link":"https:\/\/www.helsingdistillery.se\/en\/nya-produkten\/","title":{"rendered":"Jubileum"},"content":{"rendered":"<div data-elementor-type=\"wp-page\" data-elementor-id=\"1486\" class=\"elementor elementor-1486\" data-elementor-post-type=\"page\">\n\t\t\t\t\t\t<section class=\"elementor-section elementor-top-section elementor-element elementor-element-aaa85d4 elementor-section-full_width elementor-section-height-min-height elementor-section-height-default elementor-section-items-middle\" data-id=\"aaa85d4\" data-element_type=\"section\">\n\t\t\t\t\t\t<div class=\"elementor-container elementor-column-gap-default\">\n\t\t\t\t\t<div class=\"elementor-column elementor-col-50 elementor-top-column elementor-element elementor-element-3ba6400\" data-id=\"3ba6400\" data-element_type=\"column\">\n\t\t\t<div class=\"elementor-widget-wrap elementor-element-populated\">\n\t\t\t\t\t\t<div class=\"elementor-element elementor-element-80ff2e2 elementor-align-start elementor-icon-list--layout-traditional elementor-list-item-link-full_width elementor-widget elementor-widget-icon-list\" data-id=\"80ff2e2\" data-element_type=\"widget\" data-widget_type=\"icon-list.default\">\n\t\t\t\t<div class=\"elementor-widget-container\">\n\t\t\t\t\t\t\t<ul class=\"elementor-icon-list-items\">\n\t\t\t\t\t\t\t<li class=\"elementor-icon-list-item\">\n\t\t\t\t\t\t\t\t\t\t\t<a href=\"https:\/\/www.helsingdistillery.se\/en\/kryddsprit\/\">\n\n\t\t\t\t\t\t\t\t\t\t\t\t<span class=\"elementor-icon-list-icon\">\n\t\t\t\t\t\t\t<i aria-hidden=\"true\" class=\"fal fa-long-arrow-left\"><\/i>\t\t\t\t\t\t<\/span>\n\t\t\t\t\t\t\t\t\t\t<span class=\"elementor-icon-list-text\">Tillbaka<\/span>\n\t\t\t\t\t\t\t\t\t\t\t<\/a>\n\t\t\t\t\t\t\t\t\t<\/li>\n\t\t\t\t\t\t<\/ul>\n\t\t\t\t\t\t<\/div>\n\t\t\t\t<\/div>\n\t\t\t\t<div class=\"elementor-element elementor-element-24897e3 elementor-widget elementor-widget-image\" data-id=\"24897e3\" data-element_type=\"widget\" data-widget_type=\"image.default\">\n\t\t\t\t<div class=\"elementor-widget-container\">\n\t\t\t\t\t\t\t\t\t\t\t\t\t\t\t<img fetchpriority=\"high\" decoding=\"async\" width=\"510\" height=\"960\" src=\"https:\/\/www.helsingdistillery.se\/wp-content\/uploads\/2026\/04\/Skarmavbild-2026-04-07-kl.-18.24.30.png\" class=\"attachment-large size-large wp-image-1505\" alt=\"\" srcset=\"https:\/\/www.helsingdistillery.se\/wp-content\/uploads\/2026\/04\/Skarmavbild-2026-04-07-kl.-18.24.30.png 510w, https:\/\/www.helsingdistillery.se\/wp-content\/uploads\/2026\/04\/Skarmavbild-2026-04-07-kl.-18.24.30-159x300.png 159w, https:\/\/www.helsingdistillery.se\/wp-content\/uploads\/2026\/04\/Skarmavbild-2026-04-07-kl.-18.24.30-6x12.png 6w\" sizes=\"(max-width: 510px) 100vw, 510px\" \/>\t\t\t\t\t\t\t\t\t\t\t\t\t\t\t<\/div>\n\t\t\t\t<\/div>\n\t\t\t\t\t<\/div>\n\t\t<\/div>\n\t\t\t\t<div class=\"elementor-column elementor-col-50 elementor-top-column elementor-element elementor-element-5aa5c98\" data-id=\"5aa5c98\" data-element_type=\"column\">\n\t\t\t<div class=\"elementor-widget-wrap elementor-element-populated\">\n\t\t\t\t\t\t<div class=\"elementor-element elementor-element-f3d3f43 elementor-invisible elementor-widget elementor-widget-heading\" data-id=\"f3d3f43\" data-element_type=\"widget\" data-settings=\"{&quot;_animation&quot;:&quot;fadeIn&quot;,&quot;_animation_delay&quot;:&quot;400&quot;}\" data-widget_type=\"heading.default\">\n\t\t\t\t<div class=\"elementor-widget-container\">\n\t\t\t\t\t<h5 class=\"elementor-heading-title elementor-size-default\">5-\u00e5rs jubileum<\/h5>\t\t\t\t<\/div>\n\t\t\t\t<\/div>\n\t\t\t\t<div class=\"elementor-element elementor-element-2100943 elementor-widget elementor-widget-heading\" data-id=\"2100943\" data-element_type=\"widget\" data-widget_type=\"heading.default\">\n\t\t\t\t<div class=\"elementor-widget-container\">\n\t\t\t\t\t<h5 class=\"elementor-heading-title elementor-size-default\">43% vol.| 50 cl. | 349 kr. <\/h5>\t\t\t\t<\/div>\n\t\t\t\t<\/div>\n\t\t\t\t<div class=\"elementor-element elementor-element-b623dce elementor-widget-divider--view-line elementor-widget elementor-widget-divider\" data-id=\"b623dce\" data-element_type=\"widget\" data-widget_type=\"divider.default\">\n\t\t\t\t<div class=\"elementor-widget-container\">\n\t\t\t\t\t\t\t<div class=\"elementor-divider\">\n\t\t\t<span class=\"elementor-divider-separator\">\n\t\t\t\t\t\t<\/span>\n\t\t<\/div>\n\t\t\t\t\t\t<\/div>\n\t\t\t\t<\/div>\n\t\t\t\t<div class=\"elementor-element elementor-element-0ba60d1 elementor-widget elementor-widget-text-editor\" data-id=\"0ba60d1\" data-element_type=\"widget\" data-widget_type=\"text-editor.default\">\n\t\t\t\t<div class=\"elementor-widget-container\">\n\t\t\t\t\t\t\t\t\t<p><br \/>I maj 2026 firar vi 5 \u00e5r som destilleri och varum\u00e4rke &#8211; d\u00e4rf\u00f6r \u00e5terskapar vi originalginen fr\u00e5n Helsing distillery d\u00e4r vi tolkar originalreceptet som Fredrik lanserade f\u00f6r 5 \u00e5r sedan.\u00a0<\/p><p>From 1 maj g\u00e5r det att k\u00f6pa Helsingborg gin i v\u00e5r g\u00e5rdsbutik och den 4 maj kl 10.00 lanseras den p\u00e5 Systembolagen i Helsingborg samt som best\u00e4llningsvara till resten av Sverige.\u00a0<\/p><p>\u00a0<\/p><p><a style=\"background-color: #ffffff;\" href=\"https:\/\/www.helsingdistillery.se\/en\/cocktails\/\">H\u00e4r hittar du v\u00e5ra recept<\/a><\/p>\t\t\t\t\t\t\t\t<\/div>\n\t\t\t\t<\/div>\n\t\t\t\t\t<\/div>\n\t\t<\/div>\n\t\t\t\t\t<\/div>\n\t\t<\/section>\n\t\t\t\t<\/div>","protected":false},"excerpt":{"rendered":"<p>Tillbaka 5-\u00e5rs jubileum 43% vol.| 50 cl. | 349 kr. I maj 2026 firar vi 5 \u00e5r som destilleri och varum\u00e4rke &#8211; d\u00e4rf\u00f6r \u00e5terskapar vi originalginen fr\u00e5n Helsing distillery d\u00e4r vi tolkar originalreceptet som Fredrik lanserade f\u00f6r 5 \u00e5r sedan.\u00a0 From 1 maj g\u00e5r det att k\u00f6pa Helsingborg gin i v\u00e5r g\u00e5rdsbutik och den 4 [&hellip;]<\/p>","protected":false},"author":3,"featured_media":1477,"parent":0,"menu_order":0,"comment_status":"closed","ping_status":"closed","template":"","meta":{"_seopress_robots_primary_cat":"","_seopress_titles_title":"","_seopress_titles_desc":"","_seopress_robots_index":"","footnotes":""},"Pagecategories":[],"class_list":["post-1486","page","type-page","status-publish","has-post-thumbnail","hentry"],"meta_box":[],"_links":{"self":[{"href":"https:\/\/www.helsingdistillery.se\/en\/wp-json\/wp\/v2\/pages\/1486","targetHints":{"allow":["GET"]}}],"collection":[{"href":"https:\/\/www.helsingdistillery.se\/en\/wp-json\/wp\/v2\/pages"}],"about":[{"href":"https:\/\/www.helsingdistillery.se\/en\/wp-json\/wp\/v2\/types\/page"}],"author":[{"embeddable":true,"href":"https:\/\/www.helsingdistillery.se\/en\/wp-json\/wp\/v2\/users\/3"}],"replies":[{"embeddable":true,"href":"https:\/\/www.helsingdistillery.se\/en\/wp-json\/wp\/v2\/comments?post=1486"}],"version-history":[{"count":14,"href":"https:\/\/www.helsingdistillery.se\/en\/wp-json\/wp\/v2\/pages\/1486\/revisions"}],"predecessor-version":[{"id":1512,"href":"https:\/\/www.helsingdistillery.se\/en\/wp-json\/wp\/v2\/pages\/1486\/revisions\/1512"}],"wp:featuredmedia":[{"embeddable":true,"href":"https:\/\/www.helsingdistillery.se\/en\/wp-json\/wp\/v2\/media\/1477"}],"wp:attachment":[{"href":"https:\/\/www.helsingdistillery.se\/en\/wp-json\/wp\/v2\/media?parent=1486"}],"wp:term":[{"taxonomy":"Pagecategories","embeddable":true,"href":"https:\/\/www.helsingdistillery.se\/en\/wp-json\/wp\/v2\/Pagecategories?post=1486"}],"curies":[{"name":"wp","href":"https:\/\/api.w.org\/{rel}","templated":true}]}}