{"id":24,"date":"2022-05-04T13:22:30","date_gmt":"2022-05-04T11:22:30","guid":{"rendered":"https:\/\/www.helsingdistillery.se\/?page_id=24"},"modified":"2023-04-04T11:18:50","modified_gmt":"2023-04-04T09:18:50","slug":"om-oss","status":"publish","type":"page","link":"https:\/\/www.helsingdistillery.se\/en\/om-oss\/","title":{"rendered":"About us"},"content":{"rendered":"<div data-elementor-type=\"wp-page\" data-elementor-id=\"24\" class=\"elementor elementor-24\" data-elementor-post-type=\"page\">\n\t\t\t\t\t\t<section class=\"elementor-section elementor-top-section elementor-element elementor-element-74153290 elementor-section-height-min-height elementor-section-items-stretch elementor-section-content-bottom elementor-reverse-tablet elementor-section-full_width elementor-section-height-default\" data-id=\"74153290\" data-element_type=\"section\" data-settings=\"{&quot;background_background&quot;:&quot;classic&quot;}\">\n\t\t\t\t\t\t\t<div class=\"elementor-background-overlay\"><\/div>\n\t\t\t\t\t\t\t<div class=\"elementor-container elementor-column-gap-no\">\n\t\t\t\t\t<div class=\"elementor-column elementor-col-50 elementor-top-column elementor-element elementor-element-47e83d97 elementor-hidden-tablet elementor-hidden-mobile\" data-id=\"47e83d97\" data-element_type=\"column\">\n\t\t\t<div class=\"elementor-widget-wrap elementor-element-populated\">\n\t\t\t\t\t\t<div class=\"elementor-element elementor-element-6a6c7100 elementor-invisible elementor-widget elementor-widget-image\" data-id=\"6a6c7100\" data-element_type=\"widget\" data-settings=\"{&quot;_animation&quot;:&quot;slideInDown&quot;}\" data-widget_type=\"image.default\">\n\t\t\t\t<div class=\"elementor-widget-container\">\n\t\t\t\t\t\t\t\t\t\t\t\t\t\t\t<img fetchpriority=\"high\" decoding=\"async\" width=\"800\" height=\"1000\" src=\"https:\/\/www.helsingdistillery.se\/wp-content\/uploads\/2022\/05\/David-3_Sociala-Medier-819x1024.webp\" class=\"attachment-large size-large wp-image-141\" alt=\"\" srcset=\"https:\/\/www.helsingdistillery.se\/wp-content\/uploads\/2022\/05\/David-3_Sociala-Medier-819x1024.webp 819w, https:\/\/www.helsingdistillery.se\/wp-content\/uploads\/2022\/05\/David-3_Sociala-Medier-240x300.webp 240w, https:\/\/www.helsingdistillery.se\/wp-content\/uploads\/2022\/05\/David-3_Sociala-Medier-768x960.webp 768w, https:\/\/www.helsingdistillery.se\/wp-content\/uploads\/2022\/05\/David-3_Sociala-Medier-1229x1536.webp 1229w, https:\/\/www.helsingdistillery.se\/wp-content\/uploads\/2022\/05\/David-3_Sociala-Medier-1638x2048.webp 1638w, https:\/\/www.helsingdistillery.se\/wp-content\/uploads\/2022\/05\/David-3_Sociala-Medier-10x12.webp 10w, https:\/\/www.helsingdistillery.se\/wp-content\/uploads\/2022\/05\/David-3_Sociala-Medier.webp 1975w\" sizes=\"(max-width: 800px) 100vw, 800px\" \/>\t\t\t\t\t\t\t\t\t\t\t\t\t\t\t<\/div>\n\t\t\t\t<\/div>\n\t\t\t\t\t<\/div>\n\t\t<\/div>\n\t\t\t\t<div class=\"elementor-column elementor-col-50 elementor-top-column elementor-element elementor-element-2e5ff6d5\" data-id=\"2e5ff6d5\" data-element_type=\"column\" data-settings=\"{&quot;background_background&quot;:&quot;classic&quot;}\">\n\t\t\t<div class=\"elementor-widget-wrap elementor-element-populated\">\n\t\t\t\t\t\t<div class=\"elementor-element elementor-element-6c43401d elementor-invisible elementor-widget elementor-widget-heading\" data-id=\"6c43401d\" data-element_type=\"widget\" data-settings=\"{&quot;_animation&quot;:&quot;fadeIn&quot;}\" data-widget_type=\"heading.default\">\n\t\t\t\t<div class=\"elementor-widget-container\">\n\t\t\t\t\t<h3 class=\"elementor-heading-title elementor-size-default\">HELSING DISTILLERY<\/h3>\t\t\t\t<\/div>\n\t\t\t\t<\/div>\n\t\t\t\t<div class=\"elementor-element elementor-element-1e0443aa elementor-invisible elementor-widget elementor-widget-heading\" data-id=\"1e0443aa\" data-element_type=\"widget\" data-settings=\"{&quot;_animation&quot;:&quot;fadeInUp&quot;,&quot;_animation_delay&quot;:200}\" data-widget_type=\"heading.default\">\n\t\t\t\t<div class=\"elementor-widget-container\">\n\t\t\t\t\t<h1 class=\"elementor-heading-title elementor-size-default\">About us<\/h1>\t\t\t\t<\/div>\n\t\t\t\t<\/div>\n\t\t\t\t<div class=\"elementor-element elementor-element-3cdf5e4d elementor-invisible elementor-widget elementor-widget-text-editor\" data-id=\"3cdf5e4d\" data-element_type=\"widget\" data-settings=\"{&quot;_animation&quot;:&quot;fadeInUp&quot;,&quot;_animation_delay&quot;:400}\" data-widget_type=\"text-editor.default\">\n\t\t\t\t<div class=\"elementor-widget-container\">\n\t\t\t\t\t\t\t\t\t<p id=\"E129\" class=\"x-scope qowt-word-para-0 translation-block\">Helsing is a distillery situated outside Helsingborg, that combines innovative thinking with a traditional craft. The distillery was founded 2021, to create long lasting tasting experiences by taking advantage of the leftover crops from the vineyard next by. Inspiration for our products is found in the encounters with passionate people in our surroundings that just like us is uncompromising in their quest to achieve the best experience in their crafts.<\/p><p id=\"E141\" class=\"x-scope qowt-word-para-0\"><span id=\"E142\" class=\"qowt-font1-Calibri\">\u00a0<\/span><span id=\"E144\" class=\"qowt-font1-Calibri\">With attention to detail, the best equipment and great passion, we know that our products hold the highest quality. No compromises, just a great experience.<\/span><\/p>\t\t\t\t\t\t\t\t<\/div>\n\t\t\t\t<\/div>\n\t\t\t\t<div class=\"elementor-element elementor-element-6b924513 elementor-widget__width-initial elementor-widget-tablet__width-inherit elementor-widget-mobile__width-inherit elementor-absolute elementor-widget elementor-widget-spacer\" data-id=\"6b924513\" data-element_type=\"widget\" data-settings=\"{&quot;_position&quot;:&quot;absolute&quot;}\" data-widget_type=\"spacer.default\">\n\t\t\t\t<div class=\"elementor-widget-container\">\n\t\t\t\t\t\t\t<div class=\"elementor-spacer\">\n\t\t\t<div class=\"elementor-spacer-inner\"><\/div>\n\t\t<\/div>\n\t\t\t\t\t\t<\/div>\n\t\t\t\t<\/div>\n\t\t\t\t\t<\/div>\n\t\t<\/div>\n\t\t\t\t\t<\/div>\n\t\t<\/section>\n\t\t\t\t<\/div>","protected":false},"excerpt":{"rendered":"<p>HELSING DISTILLERY Om oss Helsing \u00e4r ett destilleri utanf\u00f6r Helsingborg som f\u00f6renar innovativt t\u00e4nkande med ett gediget hantverk. Destilleriet grundades 2021 f\u00f6r att skapa of\u00f6rgl\u00f6mliga smakupplevelser genom att ta\u00a0tillvara\u00a0p\u00e5 \u00f6verblivna r\u00e5varor fr\u00e5n den intilliggande ving\u00e5rden. Inspiration till nya produkter finner vi ofta\u00a0i\u00a0\u00a0m\u00f6ten\u00a0med andra passionerade m\u00e4nniskor i v\u00e5r n\u00e4rhet som ocks\u00e5 \u00e4r kompromissl\u00f6sa n\u00e4r det g\u00e4ller [&hellip;]<\/p>","protected":false},"author":1,"featured_media":0,"parent":0,"menu_order":0,"comment_status":"closed","ping_status":"closed","template":"","meta":{"_seopress_robots_primary_cat":"","_seopress_titles_title":"","_seopress_titles_desc":"","_seopress_robots_index":"","footnotes":""},"Pagecategories":[],"class_list":["post-24","page","type-page","status-publish","hentry"],"meta_box":[],"_links":{"self":[{"href":"https:\/\/www.helsingdistillery.se\/en\/wp-json\/wp\/v2\/pages\/24","targetHints":{"allow":["GET"]}}],"collection":[{"href":"https:\/\/www.helsingdistillery.se\/en\/wp-json\/wp\/v2\/pages"}],"about":[{"href":"https:\/\/www.helsingdistillery.se\/en\/wp-json\/wp\/v2\/types\/page"}],"author":[{"embeddable":true,"href":"https:\/\/www.helsingdistillery.se\/en\/wp-json\/wp\/v2\/users\/1"}],"replies":[{"embeddable":true,"href":"https:\/\/www.helsingdistillery.se\/en\/wp-json\/wp\/v2\/comments?post=24"}],"version-history":[{"count":5,"href":"https:\/\/www.helsingdistillery.se\/en\/wp-json\/wp\/v2\/pages\/24\/revisions"}],"predecessor-version":[{"id":723,"href":"https:\/\/www.helsingdistillery.se\/en\/wp-json\/wp\/v2\/pages\/24\/revisions\/723"}],"wp:attachment":[{"href":"https:\/\/www.helsingdistillery.se\/en\/wp-json\/wp\/v2\/media?parent=24"}],"wp:term":[{"taxonomy":"Pagecategories","embeddable":true,"href":"https:\/\/www.helsingdistillery.se\/en\/wp-json\/wp\/v2\/Pagecategories?post=24"}],"curies":[{"name":"wp","href":"https:\/\/api.w.org\/{rel}","templated":true}]}}