{"id":30,"date":"2022-05-04T13:22:59","date_gmt":"2022-05-04T11:22:59","guid":{"rendered":"https:\/\/www.helsingdistillery.se\/?page_id=30"},"modified":"2022-05-20T10:22:39","modified_gmt":"2022-05-20T08:22:39","slug":"hallbarhetspolicy","status":"publish","type":"page","link":"https:\/\/www.helsingdistillery.se\/en\/hallbarhetspolicy\/","title":{"rendered":"GDPR"},"content":{"rendered":"<div data-elementor-type=\"wp-page\" data-elementor-id=\"30\" class=\"elementor elementor-30\" data-elementor-post-type=\"page\">\n\t\t\t\t\t\t<section class=\"elementor-section elementor-top-section elementor-element elementor-element-63a41b10 elementor-section-height-min-height elementor-section-boxed elementor-section-height-default elementor-section-items-middle\" data-id=\"63a41b10\" data-element_type=\"section\">\n\t\t\t\t\t\t<div class=\"elementor-container elementor-column-gap-no\">\n\t\t\t\t\t<div class=\"elementor-column elementor-col-100 elementor-top-column elementor-element elementor-element-1f2598f5\" data-id=\"1f2598f5\" data-element_type=\"column\">\n\t\t\t<div class=\"elementor-widget-wrap elementor-element-populated\">\n\t\t\t\t\t\t<div class=\"elementor-element elementor-element-137fb30e elementor-invisible elementor-widget elementor-widget-heading\" data-id=\"137fb30e\" data-element_type=\"widget\" data-settings=\"{&quot;_animation&quot;:&quot;fadeIn&quot;}\" data-widget_type=\"heading.default\">\n\t\t\t\t<div class=\"elementor-widget-container\">\n\t\t\t\t\t<h3 class=\"elementor-heading-title elementor-size-default\">HELSING DISTILLERY<\/h3>\t\t\t\t<\/div>\n\t\t\t\t<\/div>\n\t\t\t\t<div class=\"elementor-element elementor-element-4bf6dab5 elementor-invisible elementor-widget elementor-widget-heading\" data-id=\"4bf6dab5\" data-element_type=\"widget\" data-settings=\"{&quot;_animation&quot;:&quot;fadeIn&quot;,&quot;_animation_delay&quot;:&quot;400&quot;}\" data-widget_type=\"heading.default\">\n\t\t\t\t<div class=\"elementor-widget-container\">\n\t\t\t\t\t<h1 class=\"elementor-heading-title elementor-size-default\">GDPR<\/h1>\t\t\t\t<\/div>\n\t\t\t\t<\/div>\n\t\t\t\t<div class=\"elementor-element elementor-element-78fbe61d elementor-widget elementor-widget-heading\" data-id=\"78fbe61d\" data-element_type=\"widget\" data-widget_type=\"heading.default\">\n\t\t\t\t<div class=\"elementor-widget-container\">\n\t\t\t\t\t<h3 class=\"elementor-heading-title elementor-size-default\">For us it is important that our customers can feel safe about how we protect your data. We have summarized the impact of GDPR legislation and our policy how we store and protect your personal data. Please observe that the following text is not our legal policy but a summarized description how we make sure that you can feel safe.<\/h3>\t\t\t\t<\/div>\n\t\t\t\t<\/div>\n\t\t\t\t<div class=\"elementor-element elementor-element-6fedb907 elementor-widget elementor-widget-heading\" data-id=\"6fedb907\" data-element_type=\"widget\" data-widget_type=\"heading.default\">\n\t\t\t\t<div class=\"elementor-widget-container\">\n\t\t\t\t\t<h3 class=\"elementor-heading-title elementor-size-default\">What is GDPR?<\/h3>\t\t\t\t<\/div>\n\t\t\t\t<\/div>\n\t\t\t\t<div class=\"elementor-element elementor-element-6a566f0f elementor-widget elementor-widget-text-editor\" data-id=\"6a566f0f\" data-element_type=\"widget\" data-widget_type=\"text-editor.default\">\n\t\t\t\t<div class=\"elementor-widget-container\">\n\t\t\t\t\t\t\t\t\t<p>Lottenlund Estate AB (Helsing Distillery) is responsible for personal data and decisions regarding handling, collecting, and using the personal data you give to us. We collect the following data about you want to become a client: name, address , phone number and email. \n\nThese data are used for invoices, bookings, and newsletter. We protect all personal data for inappropriate use.<\/p><p class=\"translation-block\">Lottenlund Estate AB (Helsing Distillery) is responsible for the data and decide how your personal data is used, stored, and collected. We store the following data on you as a costumer, name, address, phone number and email. The information will be used for billing, booking and for sending our newsletter. We make sure that the data is protected from undue usages.<\/p>\t\t\t\t\t\t\t\t<\/div>\n\t\t\t\t<\/div>\n\t\t\t\t<div class=\"elementor-element elementor-element-459cfe6a elementor-widget elementor-widget-heading\" data-id=\"459cfe6a\" data-element_type=\"widget\" data-widget_type=\"heading.default\">\n\t\t\t\t<div class=\"elementor-widget-container\">\n\t\t\t\t\t<h3 class=\"elementor-heading-title elementor-size-default\">What happens if there is an incident? <\/h3>\t\t\t\t<\/div>\n\t\t\t\t<\/div>\n\t\t\t\t<div class=\"elementor-element elementor-element-1f56ee7 elementor-widget elementor-widget-text-editor\" data-id=\"1f56ee7\" data-element_type=\"widget\" data-widget_type=\"text-editor.default\">\n\t\t\t\t<div class=\"elementor-widget-container\">\n\t\t\t\t\t\t\t\t\t<p>If Lottenlund Estate AB (Helsing Distillery) have our data compromised or there has been an unexpected leak of data, will the incident be documented by the responsible actor and reported to Datainspektionen, as well as inform the parties affected by the leak within 72 hours.<\/p>\t\t\t\t\t\t\t\t<\/div>\n\t\t\t\t<\/div>\n\t\t\t\t<div class=\"elementor-element elementor-element-11a1f7bf elementor-widget elementor-widget-heading\" data-id=\"11a1f7bf\" data-element_type=\"widget\" data-widget_type=\"heading.default\">\n\t\t\t\t<div class=\"elementor-widget-container\">\n\t\t\t\t\t<h3 class=\"elementor-heading-title elementor-size-default\">Delete your information in our system<\/h3>\t\t\t\t<\/div>\n\t\t\t\t<\/div>\n\t\t\t\t<div class=\"elementor-element elementor-element-2697913f elementor-widget elementor-widget-text-editor\" data-id=\"2697913f\" data-element_type=\"widget\" data-widget_type=\"text-editor.default\">\n\t\t\t\t<div class=\"elementor-widget-container\">\n\t\t\t\t\t\t\t\t\t<p>If you have booked a visit with us, you can contact us anytime to demand that we showcase the data that is stored about you, as well as request changes of personal information or that we delete all the data we have on you. If you wish to do this, please contact us at <a href=\"mailto:info@lottenlundestate.se\"><span style=\"text-decoration: underline;\">info@lottenlundestate.se<\/span><\/a>.<\/p>\t\t\t\t\t\t\t\t<\/div>\n\t\t\t\t<\/div>\n\t\t\t\t\t<\/div>\n\t\t<\/div>\n\t\t\t\t\t<\/div>\n\t\t<\/section>\n\t\t\t\t<\/div>","protected":false},"excerpt":{"rendered":"<p>HELSING DISTILLERY GDPR F\u00f6r oss \u00e4r det viktigt att v\u00e5ra kunder k\u00e4nner sig trygga hos oss. D\u00e4rf\u00f6r har vi sammanfattat vad lagen om GDPR inneb\u00e4r f\u00f6r er och oss samt hur vi tar hand om era personuppgifter. Observera att nedan text inte \u00e4r v\u00e5ra legala policys utan en f\u00f6renklad sammanfattande beskrivning f\u00f6r att ni ska [&hellip;]<\/p>","protected":false},"author":1,"featured_media":0,"parent":0,"menu_order":0,"comment_status":"closed","ping_status":"closed","template":"","meta":{"_seopress_robots_primary_cat":"","_seopress_titles_title":"","_seopress_titles_desc":"","_seopress_robots_index":"","footnotes":""},"Pagecategories":[],"class_list":["post-30","page","type-page","status-publish","hentry"],"meta_box":[],"_links":{"self":[{"href":"https:\/\/www.helsingdistillery.se\/en\/wp-json\/wp\/v2\/pages\/30","targetHints":{"allow":["GET"]}}],"collection":[{"href":"https:\/\/www.helsingdistillery.se\/en\/wp-json\/wp\/v2\/pages"}],"about":[{"href":"https:\/\/www.helsingdistillery.se\/en\/wp-json\/wp\/v2\/types\/page"}],"author":[{"embeddable":true,"href":"https:\/\/www.helsingdistillery.se\/en\/wp-json\/wp\/v2\/users\/1"}],"replies":[{"embeddable":true,"href":"https:\/\/www.helsingdistillery.se\/en\/wp-json\/wp\/v2\/comments?post=30"}],"version-history":[{"count":5,"href":"https:\/\/www.helsingdistillery.se\/en\/wp-json\/wp\/v2\/pages\/30\/revisions"}],"predecessor-version":[{"id":268,"href":"https:\/\/www.helsingdistillery.se\/en\/wp-json\/wp\/v2\/pages\/30\/revisions\/268"}],"wp:attachment":[{"href":"https:\/\/www.helsingdistillery.se\/en\/wp-json\/wp\/v2\/media?parent=30"}],"wp:term":[{"taxonomy":"Pagecategories","embeddable":true,"href":"https:\/\/www.helsingdistillery.se\/en\/wp-json\/wp\/v2\/Pagecategories?post=30"}],"curies":[{"name":"wp","href":"https:\/\/api.w.org\/{rel}","templated":true}]}}