{"id":44,"date":"2022-05-04T13:25:52","date_gmt":"2022-05-04T11:25:52","guid":{"rendered":"https:\/\/www.helsingdistillery.se\/?page_id=44"},"modified":"2025-08-14T22:02:16","modified_gmt":"2025-08-14T20:02:16","slug":"ginprovning","status":"publish","type":"page","link":"https:\/\/www.helsingdistillery.se\/en\/ginprovning\/","title":{"rendered":"Gin tastings"},"content":{"rendered":"<div data-elementor-type=\"wp-page\" data-elementor-id=\"44\" class=\"elementor elementor-44\" data-elementor-post-type=\"page\">\n\t\t\t\t\t\t<section class=\"elementor-section elementor-top-section elementor-element elementor-element-37115de2 elementor-section-full_width elementor-section-height-min-height elementor-section-content-middle elementor-reverse-tablet elementor-reverse-mobile elementor-section-height-default elementor-section-items-middle\" data-id=\"37115de2\" data-element_type=\"section\">\n\t\t\t\t\t\t<div class=\"elementor-container elementor-column-gap-default\">\n\t\t\t\t\t<div class=\"elementor-column elementor-col-50 elementor-top-column elementor-element elementor-element-78bbcab8\" data-id=\"78bbcab8\" data-element_type=\"column\">\n\t\t\t<div class=\"elementor-widget-wrap elementor-element-populated\">\n\t\t\t\t\t\t<div class=\"elementor-element elementor-element-6117661 elementor-invisible elementor-widget elementor-widget-heading\" data-id=\"6117661\" data-element_type=\"widget\" data-settings=\"{&quot;_animation&quot;:&quot;fadeIn&quot;,&quot;_animation_delay&quot;:&quot;400&quot;}\" data-widget_type=\"heading.default\">\n\t\t\t\t<div class=\"elementor-widget-container\">\n\t\t\t\t\t<h1 class=\"elementor-heading-title elementor-size-default\">Gin tastings<\/h1>\t\t\t\t<\/div>\n\t\t\t\t<\/div>\n\t\t\t\t<div class=\"elementor-element elementor-element-233a5674 elementor-widget-divider--view-line elementor-widget elementor-widget-divider\" data-id=\"233a5674\" data-element_type=\"widget\" data-widget_type=\"divider.default\">\n\t\t\t\t<div class=\"elementor-widget-container\">\n\t\t\t\t\t\t\t<div class=\"elementor-divider\">\n\t\t\t<span class=\"elementor-divider-separator\">\n\t\t\t\t\t\t<\/span>\n\t\t<\/div>\n\t\t\t\t\t\t<\/div>\n\t\t\t\t<\/div>\n\t\t\t\t<div class=\"elementor-element elementor-element-39e1173e elementor-invisible elementor-widget elementor-widget-text-editor\" data-id=\"39e1173e\" data-element_type=\"widget\" data-settings=\"{&quot;_animation&quot;:&quot;fadeIn&quot;,&quot;_animation_delay&quot;:400}\" data-widget_type=\"text-editor.default\">\n\t\t\t\t<div class=\"elementor-widget-container\">\n\t\t\t\t\t\t\t\t\t<p>F\u00f6lj med p\u00e5 en ginresa tillsammans med oss. Fr\u00e5n klassisk London Dry Gin, till smakexplosionen med 17 olika \u00f6rter och den fatlagrade med mjuka, aromatiska fattoner. Under en ginprovning p\u00e5 Helsing f\u00e5r du l\u00e4ra dig mer om destillering, olika ginstilar, kryddor och hur man serverar en signatur Gin &amp; Tonic. En provning med rundvisning tar ca 1.5 timme.<\/p><p>Vi arrangerar provningar \u00e5ret runt.\u00a0<\/p>\t\t\t\t\t\t\t\t<\/div>\n\t\t\t\t<\/div>\n\t\t\t\t<div class=\"elementor-element elementor-element-69b1dc9f elementor-align-left elementor-mobile-align-left elementor-invisible elementor-widget elementor-widget-button\" data-id=\"69b1dc9f\" data-element_type=\"widget\" data-settings=\"{&quot;_animation&quot;:&quot;fadeIn&quot;,&quot;_animation_delay&quot;:400}\" data-widget_type=\"button.default\">\n\t\t\t\t<div class=\"elementor-widget-container\">\n\t\t\t\t\t\t\t\t\t<div class=\"elementor-button-wrapper\">\n\t\t\t\t\t<a class=\"elementor-button elementor-button-link elementor-size-sm elementor-animation-sink\" href=\"#book\" target=\"_blank\">\n\t\t\t\t\t\t<span class=\"elementor-button-content-wrapper\">\n\t\t\t\t\t\t\t\t\t<span class=\"elementor-button-text\">Se v\u00e5rt provningsprogram<\/span>\n\t\t\t\t\t<\/span>\n\t\t\t\t\t<\/a>\n\t\t\t\t<\/div>\n\t\t\t\t\t\t\t\t<\/div>\n\t\t\t\t<\/div>\n\t\t\t\t\t<\/div>\n\t\t<\/div>\n\t\t\t\t<div class=\"elementor-column elementor-col-50 elementor-top-column elementor-element elementor-element-2d2b5445\" data-id=\"2d2b5445\" data-element_type=\"column\">\n\t\t\t<div class=\"elementor-widget-wrap elementor-element-populated\">\n\t\t\t\t\t\t<div class=\"elementor-element elementor-element-9dc0840 elementor-widget elementor-widget-image\" data-id=\"9dc0840\" data-element_type=\"widget\" data-widget_type=\"image.default\">\n\t\t\t\t<div class=\"elementor-widget-container\">\n\t\t\t\t\t\t\t\t\t\t\t\t\t\t\t<img fetchpriority=\"high\" decoding=\"async\" width=\"800\" height=\"1000\" src=\"https:\/\/www.helsingdistillery.se\/wp-content\/uploads\/2022\/05\/David-3_Sociala-Medier-819x1024.webp\" class=\"attachment-large size-large wp-image-141\" alt=\"\" srcset=\"https:\/\/www.helsingdistillery.se\/wp-content\/uploads\/2022\/05\/David-3_Sociala-Medier-819x1024.webp 819w, https:\/\/www.helsingdistillery.se\/wp-content\/uploads\/2022\/05\/David-3_Sociala-Medier-240x300.webp 240w, https:\/\/www.helsingdistillery.se\/wp-content\/uploads\/2022\/05\/David-3_Sociala-Medier-768x960.webp 768w, https:\/\/www.helsingdistillery.se\/wp-content\/uploads\/2022\/05\/David-3_Sociala-Medier-1229x1536.webp 1229w, https:\/\/www.helsingdistillery.se\/wp-content\/uploads\/2022\/05\/David-3_Sociala-Medier-1638x2048.webp 1638w, https:\/\/www.helsingdistillery.se\/wp-content\/uploads\/2022\/05\/David-3_Sociala-Medier-10x12.webp 10w, https:\/\/www.helsingdistillery.se\/wp-content\/uploads\/2022\/05\/David-3_Sociala-Medier.webp 1975w\" sizes=\"(max-width: 800px) 100vw, 800px\" \/>\t\t\t\t\t\t\t\t\t\t\t\t\t\t\t<\/div>\n\t\t\t\t<\/div>\n\t\t\t\t\t<\/div>\n\t\t<\/div>\n\t\t\t\t\t<\/div>\n\t\t<\/section>\n\t\t\t\t<section class=\"elementor-section elementor-top-section elementor-element elementor-element-7c9288e elementor-section-boxed elementor-section-height-default elementor-section-height-default\" data-id=\"7c9288e\" data-element_type=\"section\">\n\t\t\t\t\t\t<div class=\"elementor-container elementor-column-gap-default\">\n\t\t\t\t\t<div class=\"elementor-column elementor-col-100 elementor-top-column elementor-element elementor-element-ffe9551\" data-id=\"ffe9551\" data-element_type=\"column\">\n\t\t\t<div class=\"elementor-widget-wrap elementor-element-populated\">\n\t\t\t\t\t\t<div class=\"elementor-element elementor-element-09a3d09 elementor-widget elementor-widget-heading\" data-id=\"09a3d09\" data-element_type=\"widget\" data-widget_type=\"heading.default\">\n\t\t\t\t<div class=\"elementor-widget-container\">\n\t\t\t\t\t<h2 class=\"elementor-heading-title elementor-size-default\"><h3 style=\"font-family: Questrial, sans-serif;font-weight: 600;line-height: 1.5em;font-size: 22px;padding: 0px;margin: 0px;font-style: normal;text-decoration: none;letter-spacing: 1.8px;text-align: left;text-indent: 0px;text-transform: none;white-space: normal\">We offer you several different experiences, where the price is per person and includes VAT.<\/h3><\/h2>\t\t\t\t<\/div>\n\t\t\t\t<\/div>\n\t\t\t\t\t<\/div>\n\t\t<\/div>\n\t\t\t\t\t<\/div>\n\t\t<\/section>\n\t\t\t\t<section class=\"elementor-section elementor-top-section elementor-element elementor-element-c531d5d elementor-section-boxed elementor-section-height-default elementor-section-height-default\" data-id=\"c531d5d\" data-element_type=\"section\">\n\t\t\t\t\t\t<div class=\"elementor-container elementor-column-gap-default\">\n\t\t\t\t\t<div class=\"elementor-column elementor-col-100 elementor-top-column elementor-element elementor-element-3fbb9eb\" data-id=\"3fbb9eb\" data-element_type=\"column\">\n\t\t\t<div class=\"elementor-widget-wrap elementor-element-populated\">\n\t\t\t\t\t\t<div class=\"elementor-element elementor-element-c179959 elementor-widget elementor-widget-text-editor\" data-id=\"c179959\" data-element_type=\"widget\" data-widget_type=\"text-editor.default\">\n\t\t\t\t<div class=\"elementor-widget-container\">\n\t\t\t\t\t\t\t\t\t<p>Vi erbjuder er olika upplevelsepaket och \u00e4r ni min. 6 personer kan ni boka ett privat gin eller destillatprovning. Efter provningen bes\u00f6ker vi g\u00e5rdsbutiken.\u00a0<\/p><p><span style=\"font-family: -apple-system, BlinkMacSystemFont, 'Segoe UI', Roboto, 'Helvetica Neue', Arial, 'Noto Sans', sans-serif, 'Apple Color Emoji', 'Segoe UI Emoji', 'Segoe UI Symbol', 'Noto Color Emoji'; font-size: 1rem;\">N\u00e4r ni \u00e4r g\u00e4ster p\u00e5 v\u00e5r g\u00e5rd vill vi kunna ta hand om er till 100% s\u00e5 att er upplevelse blir s\u00e5 bra som m\u00f6jligt. D\u00e4rf\u00f6r beh\u00f6ver alla bes\u00f6k f\u00f6rbokas och vi har ingen m\u00f6jlighet till spontanbes\u00f6k.<\/span><\/p><p>We understand that unforeseen things can happen, and if you for any reason need to cancel your visit, check our\u00a0<a href=\"https:\/\/www.lottenlundestate.se\/wp-content\/uploads\/2022\/02\/Bokningsvillkor.pdf\" target=\"_blank\" rel=\"noopener\">booking policy.<\/a>.\u00a0<\/p><p>Vi ser fram emot att guida er i v\u00e5r dryckesv\u00e4rld!<\/p>\t\t\t\t\t\t\t\t<\/div>\n\t\t\t\t<\/div>\n\t\t\t\t\t<\/div>\n\t\t<\/div>\n\t\t\t\t\t<\/div>\n\t\t<\/section>\n\t\t\t\t<section class=\"elementor-section elementor-top-section elementor-element elementor-element-fe5596f elementor-section-boxed elementor-section-height-default elementor-section-height-default\" data-id=\"fe5596f\" data-element_type=\"section\">\n\t\t\t\t\t\t<div class=\"elementor-container elementor-column-gap-default\">\n\t\t\t\t\t<div class=\"elementor-column elementor-col-100 elementor-top-column elementor-element elementor-element-d3d658b\" data-id=\"d3d658b\" data-element_type=\"column\">\n\t\t\t<div class=\"elementor-widget-wrap elementor-element-populated\">\n\t\t\t\t\t\t<section class=\"elementor-section elementor-inner-section elementor-element elementor-element-b96e275 elementor-section-boxed elementor-section-height-default elementor-section-height-default\" data-id=\"b96e275\" data-element_type=\"section\">\n\t\t\t\t\t\t<div class=\"elementor-container elementor-column-gap-default\">\n\t\t\t\t\t<div class=\"elementor-column elementor-col-33 elementor-inner-column elementor-element elementor-element-4b6ca18\" data-id=\"4b6ca18\" data-element_type=\"column\">\n\t\t\t<div class=\"elementor-widget-wrap elementor-element-populated\">\n\t\t\t\t\t\t<div class=\"elementor-element elementor-element-8d818e2 elementor-widget elementor-widget-heading\" data-id=\"8d818e2\" data-element_type=\"widget\" data-widget_type=\"heading.default\">\n\t\t\t\t<div class=\"elementor-widget-container\">\n\t\t\t\t\t<h2 class=\"elementor-heading-title elementor-size-default\"><h2 data-elementor-setting-key=\"title\" data-pen-placeholder=\"Type Here...\" style=\"font-family: Questrial, sans-serif;font-weight: bold;line-height: 1.5em;font-size: 20px;text-transform: uppercase;letter-spacing: 5px\">KLASSISK GIN PROVNING<\/h2><\/h2>\t\t\t\t<\/div>\n\t\t\t\t<\/div>\n\t\t\t\t\t<\/div>\n\t\t<\/div>\n\t\t\t\t<div class=\"elementor-column elementor-col-33 elementor-inner-column elementor-element elementor-element-84575bf\" data-id=\"84575bf\" data-element_type=\"column\">\n\t\t\t<div class=\"elementor-widget-wrap elementor-element-populated\">\n\t\t\t\t\t\t<div class=\"elementor-element elementor-element-8d1dc4c elementor-widget elementor-widget-text-editor\" data-id=\"8d1dc4c\" data-element_type=\"widget\" data-widget_type=\"text-editor.default\">\n\t\t\t\t<div class=\"elementor-widget-container\">\n\t\t\t\t\t\t\t\t\t<p>____________________<\/p>\t\t\t\t\t\t\t\t<\/div>\n\t\t\t\t<\/div>\n\t\t\t\t\t<\/div>\n\t\t<\/div>\n\t\t\t\t<div class=\"elementor-column elementor-col-33 elementor-inner-column elementor-element elementor-element-1eb7948\" data-id=\"1eb7948\" data-element_type=\"column\">\n\t\t\t<div class=\"elementor-widget-wrap elementor-element-populated\">\n\t\t\t\t\t\t<div class=\"elementor-element elementor-element-18dcd98 elementor-widget elementor-widget-text-editor\" data-id=\"18dcd98\" data-element_type=\"widget\" data-widget_type=\"text-editor.default\">\n\t\t\t\t<div class=\"elementor-widget-container\">\n\t\t\t\t\t\t\t\t\t<p>Visning i destilleriet d\u00e4r vi ber\u00e4ttar hur vi framst\u00e4ller v\u00e5ra destillat, ing\u00e5r i alla v\u00e5ra provningar.\u00a0<\/p><p>Vi provar 4 gin fr\u00e5n g\u00e5rden.\u00a0<br \/><strong>N\u00e4r: <\/strong>Se provningsprogram nedan<strong><br \/>Time:\u00a0<\/strong>90-120\u00a0min<br \/><b>Price:\u00a0<\/b>495\u00a0SEK<\/p>\t\t\t\t\t\t\t\t<\/div>\n\t\t\t\t<\/div>\n\t\t\t\t<div class=\"elementor-element elementor-element-e7f91fa elementor-align-left elementor-mobile-align-left elementor-invisible elementor-widget elementor-widget-button\" data-id=\"e7f91fa\" data-element_type=\"widget\" data-settings=\"{&quot;_animation&quot;:&quot;fadeIn&quot;,&quot;_animation_delay&quot;:400}\" data-widget_type=\"button.default\">\n\t\t\t\t<div class=\"elementor-widget-container\">\n\t\t\t\t\t\t\t\t\t<div class=\"elementor-button-wrapper\">\n\t\t\t\t\t<a class=\"elementor-button elementor-button-link elementor-size-sm elementor-animation-sink\" href=\"https:\/\/nortic.se\/ticket\/organizer\/2885\" target=\"_blank\">\n\t\t\t\t\t\t<span class=\"elementor-button-content-wrapper\">\n\t\t\t\t\t\t\t\t\t<span class=\"elementor-button-text\">Provningsprogram<\/span>\n\t\t\t\t\t<\/span>\n\t\t\t\t\t<\/a>\n\t\t\t\t<\/div>\n\t\t\t\t\t\t\t\t<\/div>\n\t\t\t\t<\/div>\n\t\t\t\t\t<\/div>\n\t\t<\/div>\n\t\t\t\t\t<\/div>\n\t\t<\/section>\n\t\t\t\t\t<\/div>\n\t\t<\/div>\n\t\t\t\t\t<\/div>\n\t\t<\/section>\n\t\t\t\t<section class=\"elementor-section elementor-top-section elementor-element elementor-element-925cebf elementor-section-boxed elementor-section-height-default elementor-section-height-default\" data-id=\"925cebf\" data-element_type=\"section\">\n\t\t\t\t\t\t<div class=\"elementor-container elementor-column-gap-default\">\n\t\t\t\t\t<div class=\"elementor-column elementor-col-100 elementor-top-column elementor-element elementor-element-bdf8f2b\" data-id=\"bdf8f2b\" data-element_type=\"column\">\n\t\t\t<div class=\"elementor-widget-wrap elementor-element-populated\">\n\t\t\t\t\t\t<div class=\"elementor-element elementor-element-0830d86 elementor-widget elementor-widget-spacer\" data-id=\"0830d86\" data-element_type=\"widget\" data-widget_type=\"spacer.default\">\n\t\t\t\t<div class=\"elementor-widget-container\">\n\t\t\t\t\t\t\t<div class=\"elementor-spacer\">\n\t\t\t<div class=\"elementor-spacer-inner\"><\/div>\n\t\t<\/div>\n\t\t\t\t\t\t<\/div>\n\t\t\t\t<\/div>\n\t\t\t\t\t<\/div>\n\t\t<\/div>\n\t\t\t\t\t<\/div>\n\t\t<\/section>\n\t\t\t\t<section class=\"elementor-section elementor-top-section elementor-element elementor-element-8dba637 elementor-section-boxed elementor-section-height-default elementor-section-height-default\" data-id=\"8dba637\" data-element_type=\"section\">\n\t\t\t\t\t\t<div class=\"elementor-container elementor-column-gap-default\">\n\t\t\t\t\t<div class=\"elementor-column elementor-col-100 elementor-top-column elementor-element elementor-element-ec28ac2\" data-id=\"ec28ac2\" data-element_type=\"column\">\n\t\t\t<div class=\"elementor-widget-wrap elementor-element-populated\">\n\t\t\t\t\t\t<div class=\"elementor-element elementor-element-54c47a6 elementor-widget elementor-widget-heading\" data-id=\"54c47a6\" data-element_type=\"widget\" data-widget_type=\"heading.default\">\n\t\t\t\t<div class=\"elementor-widget-container\">\n\t\t\t\t\t<h2 class=\"elementor-heading-title elementor-size-default\">VINPROVNINGAR<\/h2>\t\t\t\t<\/div>\n\t\t\t\t<\/div>\n\t\t\t\t\t<\/div>\n\t\t<\/div>\n\t\t\t\t\t<\/div>\n\t\t<\/section>\n\t\t\t\t<section class=\"elementor-section elementor-top-section elementor-element elementor-element-a182b93 elementor-section-boxed elementor-section-height-default elementor-section-height-default\" data-id=\"a182b93\" data-element_type=\"section\">\n\t\t\t\t\t\t<div class=\"elementor-container elementor-column-gap-default\">\n\t\t\t\t\t<div class=\"elementor-column elementor-col-50 elementor-top-column elementor-element elementor-element-eb7998e\" data-id=\"eb7998e\" data-element_type=\"column\">\n\t\t\t<div class=\"elementor-widget-wrap elementor-element-populated\">\n\t\t\t\t\t\t<section class=\"elementor-section elementor-inner-section elementor-element elementor-element-e9a8914 elementor-section-boxed elementor-section-height-default elementor-section-height-default\" data-id=\"e9a8914\" data-element_type=\"section\">\n\t\t\t\t\t\t<div class=\"elementor-container elementor-column-gap-default\">\n\t\t\t\t\t<div class=\"elementor-column elementor-col-50 elementor-inner-column elementor-element elementor-element-75c420e\" data-id=\"75c420e\" data-element_type=\"column\">\n\t\t\t<div class=\"elementor-widget-wrap elementor-element-populated\">\n\t\t\t\t\t\t<div class=\"elementor-element elementor-element-c6a3e6b elementor-widget elementor-widget-heading\" data-id=\"c6a3e6b\" data-element_type=\"widget\" data-widget_type=\"heading.default\">\n\t\t\t\t<div class=\"elementor-widget-container\">\n\t\t\t\t\t<h2 class=\"elementor-heading-title elementor-size-default\"><h2 data-elementor-setting-key=\"title\" data-pen-placeholder=\"Type Here...\" style=\"font-family: Questrial, sans-serif;font-weight: bold;line-height: 1.5em;font-size: 20px;text-transform: uppercase;letter-spacing: 5px\">Vi erbjuder \u00e4ven vinprovningar p\u00e5 v\u00e5r g\u00e5rd. \u200b<\/h2><\/h2>\t\t\t\t<\/div>\n\t\t\t\t<\/div>\n\t\t\t\t<div class=\"elementor-element elementor-element-9846645 elementor-align-left elementor-mobile-align-left elementor-invisible elementor-widget elementor-widget-button\" data-id=\"9846645\" data-element_type=\"widget\" data-settings=\"{&quot;_animation&quot;:&quot;fadeIn&quot;,&quot;_animation_delay&quot;:400}\" data-widget_type=\"button.default\">\n\t\t\t\t<div class=\"elementor-widget-container\">\n\t\t\t\t\t\t\t\t\t<div class=\"elementor-button-wrapper\">\n\t\t\t\t\t<a class=\"elementor-button elementor-button-link elementor-size-sm elementor-animation-sink\" href=\"https:\/\/www.lottenlundestate.se\/vinupplevelser\/\" target=\"_blank\">\n\t\t\t\t\t\t<span class=\"elementor-button-content-wrapper\">\n\t\t\t\t\t\t\t\t\t<span class=\"elementor-button-text\">L\u00c4S MER och boka<\/span>\n\t\t\t\t\t<\/span>\n\t\t\t\t\t<\/a>\n\t\t\t\t<\/div>\n\t\t\t\t\t\t\t\t<\/div>\n\t\t\t\t<\/div>\n\t\t\t\t\t<\/div>\n\t\t<\/div>\n\t\t\t\t<div class=\"elementor-column elementor-col-50 elementor-inner-column elementor-element elementor-element-6cbfad1\" data-id=\"6cbfad1\" data-element_type=\"column\">\n\t\t\t<div class=\"elementor-widget-wrap elementor-element-populated\">\n\t\t\t\t\t\t<div class=\"elementor-element elementor-element-9dc7df1 elementor-widget elementor-widget-text-editor\" data-id=\"9dc7df1\" data-element_type=\"widget\" data-widget_type=\"text-editor.default\">\n\t\t\t\t<div class=\"elementor-widget-container\">\n\t\t\t\t\t\t\t\t\t<p>____________________<\/p>\t\t\t\t\t\t\t\t<\/div>\n\t\t\t\t<\/div>\n\t\t\t\t\t<\/div>\n\t\t<\/div>\n\t\t\t\t\t<\/div>\n\t\t<\/section>\n\t\t\t\t\t<\/div>\n\t\t<\/div>\n\t\t\t\t<div class=\"elementor-column elementor-col-50 elementor-top-column elementor-element elementor-element-dfb3145\" data-id=\"dfb3145\" data-element_type=\"column\">\n\t\t\t<div class=\"elementor-widget-wrap elementor-element-populated\">\n\t\t\t\t\t\t<div class=\"elementor-element elementor-element-fcba9e7 elementor-widget elementor-widget-image\" data-id=\"fcba9e7\" data-element_type=\"widget\" data-widget_type=\"image.default\">\n\t\t\t\t<div class=\"elementor-widget-container\">\n\t\t\t\t\t\t\t\t\t\t\t\t\t\t\t<img decoding=\"async\" width=\"800\" height=\"500\" src=\"https:\/\/www.helsingdistillery.se\/wp-content\/uploads\/2023\/03\/Allerum-SM00004-1-min-scaled-1-1024x640.jpg\" class=\"attachment-large size-large wp-image-703\" alt=\"\" srcset=\"https:\/\/www.helsingdistillery.se\/wp-content\/uploads\/2023\/03\/Allerum-SM00004-1-min-scaled-1-1024x640.jpg 1024w, https:\/\/www.helsingdistillery.se\/wp-content\/uploads\/2023\/03\/Allerum-SM00004-1-min-scaled-1-300x188.jpg 300w, https:\/\/www.helsingdistillery.se\/wp-content\/uploads\/2023\/03\/Allerum-SM00004-1-min-scaled-1-768x480.jpg 768w, https:\/\/www.helsingdistillery.se\/wp-content\/uploads\/2023\/03\/Allerum-SM00004-1-min-scaled-1-1536x960.jpg 1536w, https:\/\/www.helsingdistillery.se\/wp-content\/uploads\/2023\/03\/Allerum-SM00004-1-min-scaled-1-2048x1280.jpg 2048w, https:\/\/www.helsingdistillery.se\/wp-content\/uploads\/2023\/03\/Allerum-SM00004-1-min-scaled-1-18x12.jpg 18w\" sizes=\"(max-width: 800px) 100vw, 800px\" \/>\t\t\t\t\t\t\t\t\t\t\t\t\t\t\t<\/div>\n\t\t\t\t<\/div>\n\t\t\t\t\t<\/div>\n\t\t<\/div>\n\t\t\t\t\t<\/div>\n\t\t<\/section>\n\t\t\t\t<\/div>","protected":false},"excerpt":{"rendered":"<p>Ginprovning F\u00f6lj med p\u00e5 en ginresa tillsammans med oss. Fr\u00e5n klassisk London Dry Gin, till smakexplosionen med 17 olika \u00f6rter och den fatlagrade med mjuka, aromatiska fattoner. Under en ginprovning p\u00e5 Helsing f\u00e5r du l\u00e4ra dig mer om destillering, olika ginstilar, kryddor och hur man serverar en signatur Gin &amp; Tonic. En provning med rundvisning [&hellip;]<\/p>","protected":false},"author":1,"featured_media":0,"parent":0,"menu_order":0,"comment_status":"closed","ping_status":"closed","template":"","meta":{"_seopress_robots_primary_cat":"","_seopress_titles_title":"","_seopress_titles_desc":"","_seopress_robots_index":"","footnotes":""},"Pagecategories":[],"class_list":["post-44","page","type-page","status-publish","hentry"],"meta_box":[],"_links":{"self":[{"href":"https:\/\/www.helsingdistillery.se\/en\/wp-json\/wp\/v2\/pages\/44","targetHints":{"allow":["GET"]}}],"collection":[{"href":"https:\/\/www.helsingdistillery.se\/en\/wp-json\/wp\/v2\/pages"}],"about":[{"href":"https:\/\/www.helsingdistillery.se\/en\/wp-json\/wp\/v2\/types\/page"}],"author":[{"embeddable":true,"href":"https:\/\/www.helsingdistillery.se\/en\/wp-json\/wp\/v2\/users\/1"}],"replies":[{"embeddable":true,"href":"https:\/\/www.helsingdistillery.se\/en\/wp-json\/wp\/v2\/comments?post=44"}],"version-history":[{"count":32,"href":"https:\/\/www.helsingdistillery.se\/en\/wp-json\/wp\/v2\/pages\/44\/revisions"}],"predecessor-version":[{"id":1338,"href":"https:\/\/www.helsingdistillery.se\/en\/wp-json\/wp\/v2\/pages\/44\/revisions\/1338"}],"wp:attachment":[{"href":"https:\/\/www.helsingdistillery.se\/en\/wp-json\/wp\/v2\/media?parent=44"}],"wp:term":[{"taxonomy":"Pagecategories","embeddable":true,"href":"https:\/\/www.helsingdistillery.se\/en\/wp-json\/wp\/v2\/Pagecategories?post=44"}],"curies":[{"name":"wp","href":"https:\/\/api.w.org\/{rel}","templated":true}]}}