{"id":52,"date":"2022-05-04T13:26:52","date_gmt":"2022-05-04T11:26:52","guid":{"rendered":"https:\/\/www.helsingdistillery.se\/?page_id=52"},"modified":"2026-01-14T22:28:20","modified_gmt":"2026-01-14T21:28:20","slug":"helsing-botanical-gin","status":"publish","type":"page","link":"https:\/\/www.helsingdistillery.se\/en\/helsing-botanical-gin\/","title":{"rendered":"Helsing Botanical Gin"},"content":{"rendered":"<div data-elementor-type=\"wp-page\" data-elementor-id=\"52\" class=\"elementor elementor-52\" data-elementor-post-type=\"page\">\n\t\t\t\t\t\t<section class=\"elementor-section elementor-top-section elementor-element elementor-element-1c302de6 elementor-section-full_width elementor-section-height-min-height elementor-section-height-default elementor-section-items-middle\" data-id=\"1c302de6\" data-element_type=\"section\">\n\t\t\t\t\t\t<div class=\"elementor-container elementor-column-gap-default\">\n\t\t\t\t\t<div class=\"elementor-column elementor-col-50 elementor-top-column elementor-element elementor-element-6924432\" data-id=\"6924432\" data-element_type=\"column\">\n\t\t\t<div class=\"elementor-widget-wrap elementor-element-populated\">\n\t\t\t\t\t\t<div class=\"elementor-element elementor-element-3d27dd2e elementor-align-start elementor-icon-list--layout-traditional elementor-list-item-link-full_width elementor-widget elementor-widget-icon-list\" data-id=\"3d27dd2e\" data-element_type=\"widget\" data-widget_type=\"icon-list.default\">\n\t\t\t\t<div class=\"elementor-widget-container\">\n\t\t\t\t\t\t\t<ul class=\"elementor-icon-list-items\">\n\t\t\t\t\t\t\t<li class=\"elementor-icon-list-item\">\n\t\t\t\t\t\t\t\t\t\t\t<a href=\"https:\/\/www.helsingdistillery.se\/en\/kryddsprit\/\">\n\n\t\t\t\t\t\t\t\t\t\t\t\t<span class=\"elementor-icon-list-icon\">\n\t\t\t\t\t\t\t<i aria-hidden=\"true\" class=\"fal fa-long-arrow-left\"><\/i>\t\t\t\t\t\t<\/span>\n\t\t\t\t\t\t\t\t\t\t<span class=\"elementor-icon-list-text\">Tillbaka<\/span>\n\t\t\t\t\t\t\t\t\t\t\t<\/a>\n\t\t\t\t\t\t\t\t\t<\/li>\n\t\t\t\t\t\t<\/ul>\n\t\t\t\t\t\t<\/div>\n\t\t\t\t<\/div>\n\t\t\t\t<div class=\"elementor-element elementor-element-3b26b52c elementor-widget elementor-widget-image\" data-id=\"3b26b52c\" data-element_type=\"widget\" data-widget_type=\"image.default\">\n\t\t\t\t<div class=\"elementor-widget-container\">\n\t\t\t\t\t\t\t\t\t\t\t\t\t\t\t<img fetchpriority=\"high\" decoding=\"async\" width=\"800\" height=\"1000\" src=\"https:\/\/www.helsingdistillery.se\/wp-content\/uploads\/2026\/01\/Namnlos-design-9-819x1024.png\" class=\"attachment-large size-large wp-image-1446\" alt=\"\" srcset=\"https:\/\/www.helsingdistillery.se\/wp-content\/uploads\/2026\/01\/Namnlos-design-9-819x1024.png 819w, https:\/\/www.helsingdistillery.se\/wp-content\/uploads\/2026\/01\/Namnlos-design-9-240x300.png 240w, https:\/\/www.helsingdistillery.se\/wp-content\/uploads\/2026\/01\/Namnlos-design-9-768x960.png 768w, https:\/\/www.helsingdistillery.se\/wp-content\/uploads\/2026\/01\/Namnlos-design-9-10x12.png 10w, https:\/\/www.helsingdistillery.se\/wp-content\/uploads\/2026\/01\/Namnlos-design-9.png 1080w\" sizes=\"(max-width: 800px) 100vw, 800px\" \/>\t\t\t\t\t\t\t\t\t\t\t\t\t\t\t<\/div>\n\t\t\t\t<\/div>\n\t\t\t\t\t<\/div>\n\t\t<\/div>\n\t\t\t\t<div class=\"elementor-column elementor-col-50 elementor-top-column elementor-element elementor-element-1c34968d\" data-id=\"1c34968d\" data-element_type=\"column\">\n\t\t\t<div class=\"elementor-widget-wrap elementor-element-populated\">\n\t\t\t\t\t\t<div class=\"elementor-element elementor-element-45a13a3 elementor-invisible elementor-widget elementor-widget-heading\" data-id=\"45a13a3\" data-element_type=\"widget\" data-settings=\"{&quot;_animation&quot;:&quot;fadeIn&quot;,&quot;_animation_delay&quot;:&quot;400&quot;}\" data-widget_type=\"heading.default\">\n\t\t\t\t<div class=\"elementor-widget-container\">\n\t\t\t\t\t<h5 class=\"elementor-heading-title elementor-size-default\">Helsing Botanical gin <\/h5>\t\t\t\t<\/div>\n\t\t\t\t<\/div>\n\t\t\t\t<div class=\"elementor-element elementor-element-50c3fc9 elementor-widget elementor-widget-heading\" data-id=\"50c3fc9\" data-element_type=\"widget\" data-widget_type=\"heading.default\">\n\t\t\t\t<div class=\"elementor-widget-container\">\n\t\t\t\t\t<h5 class=\"elementor-heading-title elementor-size-default\">43% vol.| 50 cl. | 395 kr. <\/h5>\t\t\t\t<\/div>\n\t\t\t\t<\/div>\n\t\t\t\t<div class=\"elementor-element elementor-element-7e8ffbdb elementor-widget-divider--view-line elementor-widget elementor-widget-divider\" data-id=\"7e8ffbdb\" data-element_type=\"widget\" data-widget_type=\"divider.default\">\n\t\t\t\t<div class=\"elementor-widget-container\">\n\t\t\t\t\t\t\t<div class=\"elementor-divider\">\n\t\t\t<span class=\"elementor-divider-separator\">\n\t\t\t\t\t\t<\/span>\n\t\t<\/div>\n\t\t\t\t\t\t<\/div>\n\t\t\t\t<\/div>\n\t\t\t\t<div class=\"elementor-element elementor-element-744ad138 elementor-widget elementor-widget-heading\" data-id=\"744ad138\" data-element_type=\"widget\" data-widget_type=\"heading.default\">\n\t\t\t\t<div class=\"elementor-widget-container\">\n\t\t\t\t\t<h3 class=\"elementor-heading-title elementor-size-default\">Spicy flavor, clear juniper profile with notes of citrus, coriander, black pepper, almond, and flowers. <\/h3>\t\t\t\t<\/div>\n\t\t\t\t<\/div>\n\t\t\t\t<div class=\"elementor-element elementor-element-5d7c27dc elementor-widget elementor-widget-text-editor\" data-id=\"5d7c27dc\" data-element_type=\"widget\" data-widget_type=\"text-editor.default\">\n\t\t\t\t<div class=\"elementor-widget-container\">\n\t\t\t\t\t\t\t\t\t<p>En Contemporary gin, med vetesprit som \u00e4r smaksatt av 17 botaniska \u00f6rter i harmoni. V\u00e4lbalanserad och rund, destillerad l\u00e5ngsamt till en h\u00f6g alkoholstyrka som sedan \u00e4r nedsp\u00e4dd till 43% ABV, f\u00f6r en riktigt bra gin upplevelse.<\/p><p>I maj 2025 vann Helsing Botanical Gin guld i sin klass Contemporary gin n\u00e4r den svenska prisutdelningen f\u00f6r gin gick av stapeln p\u00e5 Spritmuseum i Stockholm. Inte nog med det, den kammade hem priset som b\u00e4sta gin i klassen.\u00a0<\/p><p>Tusen tack s\u00e4ger vi!\u00a0<\/p><p><u>S\u00e5 h\u00e4r l\u00f6d juryns motivering:<\/u><\/p><p><strong><em>&#8221;En riktigt livskraftig och personlig gin som verkligen s\u00e4tter standarden f\u00f6r Contemporary. Appl\u00e5der!!&#8221;<\/em><\/strong><\/p><p>Juryn best\u00e5r av de fr\u00e4msta personligheterna i Gin-och dryckes-Sverige:<\/p><p>Jens Josefsson, Gin Sweden<\/p><p>Linda Stensen Perez,\u00a0 SvD<\/p><p>Nadja Karlsson, Spritmuseum<\/p><p>Hans-Olov \u00d6berg, Ginf\u00f6rfattare<\/p><p>Henrik Aflodal, Spirit news\u00a0<\/p><p><span style=\"color: #3366ff;\"><a style=\"color: #3366ff;\" href=\"https:\/\/www.systembolaget.se\/produkt\/sprit\/helsing-botanical-gin-3794702\/\" target=\"_blank\" rel=\"noopener\">To Systembolaget<\/a><\/span><\/p>\t\t\t\t\t\t\t\t<\/div>\n\t\t\t\t<\/div>\n\t\t\t\t\t<\/div>\n\t\t<\/div>\n\t\t\t\t\t<\/div>\n\t\t<\/section>\n\t\t\t\t<\/div>","protected":false},"excerpt":{"rendered":"<p>Tillbaka Helsing Botanical gin 43% vol.| 50 cl. | 395 kr. Kryddig smak med tydlig karakt\u00e4r av enb\u00e4r, inslag av citrus, koriander, svartpeppar, mandel och blommor. En Contemporary gin, med vetesprit som \u00e4r smaksatt av 17 botaniska \u00f6rter i harmoni. V\u00e4lbalanserad och rund, destillerad l\u00e5ngsamt till en h\u00f6g alkoholstyrka som sedan \u00e4r nedsp\u00e4dd till 43% [&hellip;]<\/p>","protected":false},"author":1,"featured_media":0,"parent":0,"menu_order":0,"comment_status":"closed","ping_status":"closed","template":"","meta":{"_seopress_robots_primary_cat":"","_seopress_titles_title":"","_seopress_titles_desc":"","_seopress_robots_index":"","footnotes":""},"Pagecategories":[],"class_list":["post-52","page","type-page","status-publish","hentry"],"meta_box":[],"_links":{"self":[{"href":"https:\/\/www.helsingdistillery.se\/en\/wp-json\/wp\/v2\/pages\/52","targetHints":{"allow":["GET"]}}],"collection":[{"href":"https:\/\/www.helsingdistillery.se\/en\/wp-json\/wp\/v2\/pages"}],"about":[{"href":"https:\/\/www.helsingdistillery.se\/en\/wp-json\/wp\/v2\/types\/page"}],"author":[{"embeddable":true,"href":"https:\/\/www.helsingdistillery.se\/en\/wp-json\/wp\/v2\/users\/1"}],"replies":[{"embeddable":true,"href":"https:\/\/www.helsingdistillery.se\/en\/wp-json\/wp\/v2\/comments?post=52"}],"version-history":[{"count":43,"href":"https:\/\/www.helsingdistillery.se\/en\/wp-json\/wp\/v2\/pages\/52\/revisions"}],"predecessor-version":[{"id":1450,"href":"https:\/\/www.helsingdistillery.se\/en\/wp-json\/wp\/v2\/pages\/52\/revisions\/1450"}],"wp:attachment":[{"href":"https:\/\/www.helsingdistillery.se\/en\/wp-json\/wp\/v2\/media?parent=52"}],"wp:term":[{"taxonomy":"Pagecategories","embeddable":true,"href":"https:\/\/www.helsingdistillery.se\/en\/wp-json\/wp\/v2\/Pagecategories?post=52"}],"curies":[{"name":"wp","href":"https:\/\/api.w.org\/{rel}","templated":true}]}}