{"id":55,"date":"2022-05-04T13:27:06","date_gmt":"2022-05-04T11:27:06","guid":{"rendered":"https:\/\/www.helsingdistillery.se\/?page_id=55"},"modified":"2026-01-26T22:11:45","modified_gmt":"2026-01-26T21:11:45","slug":"helsing-22","status":"publish","type":"page","link":"https:\/\/www.helsingdistillery.se\/en\/helsing-22\/","title":{"rendered":"Helsing Cucumber Gin"},"content":{"rendered":"<div data-elementor-type=\"wp-page\" data-elementor-id=\"55\" class=\"elementor elementor-55\" data-elementor-post-type=\"page\">\n\t\t\t\t\t\t<section class=\"elementor-section elementor-top-section elementor-element elementor-element-cfcac7a elementor-section-boxed elementor-section-height-default elementor-section-height-default\" data-id=\"cfcac7a\" data-element_type=\"section\">\n\t\t\t\t\t\t<div class=\"elementor-container elementor-column-gap-default\">\n\t\t\t\t\t<div class=\"elementor-column elementor-col-100 elementor-top-column elementor-element elementor-element-9b6939c\" data-id=\"9b6939c\" data-element_type=\"column\">\n\t\t\t<div class=\"elementor-widget-wrap\">\n\t\t\t\t\t\t\t<\/div>\n\t\t<\/div>\n\t\t\t\t\t<\/div>\n\t\t<\/section>\n\t\t\t\t<section class=\"elementor-section elementor-top-section elementor-element elementor-element-c54f3c4 elementor-section-height-min-height elementor-section-boxed elementor-section-height-default elementor-section-items-middle\" data-id=\"c54f3c4\" data-element_type=\"section\">\n\t\t\t\t\t\t<div class=\"elementor-container elementor-column-gap-default\">\n\t\t\t\t\t<div class=\"elementor-column elementor-col-50 elementor-top-column elementor-element elementor-element-2821b88\" data-id=\"2821b88\" data-element_type=\"column\">\n\t\t\t<div class=\"elementor-widget-wrap elementor-element-populated\">\n\t\t\t\t\t\t<div class=\"elementor-element elementor-element-aa81e11 elementor-widget elementor-widget-image\" data-id=\"aa81e11\" data-element_type=\"widget\" data-widget_type=\"image.default\">\n\t\t\t\t<div class=\"elementor-widget-container\">\n\t\t\t\t\t\t\t\t\t\t\t\t\t\t\t<img decoding=\"async\" src=\"https:\/\/www.helsingdistillery.se\/wp-content\/uploads\/2026\/01\/Skarmavbild-2026-01-14-kl.-22.31.06.png\" title=\"\" alt=\"\" loading=\"lazy\" \/>\t\t\t\t\t\t\t\t\t\t\t\t\t\t\t<\/div>\n\t\t\t\t<\/div>\n\t\t\t\t<div class=\"elementor-element elementor-element-399c07a elementor-align-start elementor-icon-list--layout-traditional elementor-list-item-link-full_width elementor-widget elementor-widget-icon-list\" data-id=\"399c07a\" data-element_type=\"widget\" data-widget_type=\"icon-list.default\">\n\t\t\t\t<div class=\"elementor-widget-container\">\n\t\t\t\t\t\t\t<ul class=\"elementor-icon-list-items\">\n\t\t\t\t\t\t\t<li class=\"elementor-icon-list-item\">\n\t\t\t\t\t\t\t\t\t\t\t<a href=\"https:\/\/www.helsingdistillery.se\/en\/kryddsprit\/\">\n\n\t\t\t\t\t\t\t\t\t\t\t\t<span class=\"elementor-icon-list-icon\">\n\t\t\t\t\t\t\t<i aria-hidden=\"true\" class=\"fal fa-long-arrow-left\"><\/i>\t\t\t\t\t\t<\/span>\n\t\t\t\t\t\t\t\t\t\t<span class=\"elementor-icon-list-text\">Tillbaka<\/span>\n\t\t\t\t\t\t\t\t\t\t\t<\/a>\n\t\t\t\t\t\t\t\t\t<\/li>\n\t\t\t\t\t\t<\/ul>\n\t\t\t\t\t\t<\/div>\n\t\t\t\t<\/div>\n\t\t\t\t<div class=\"elementor-element elementor-element-983a471 elementor-widget elementor-widget-image\" data-id=\"983a471\" data-element_type=\"widget\" data-widget_type=\"image.default\">\n\t\t\t\t<div class=\"elementor-widget-container\">\n\t\t\t\t\t\t\t\t\t\t\t\t\t\t\t<img decoding=\"async\" src=\"https:\/\/www.helsingdistillery.se\/wp-content\/uploads\/2022\/08\/Helsing-Cucumber-Gin_Vit-1.webp\" title=\"\" alt=\"\" loading=\"lazy\" \/>\t\t\t\t\t\t\t\t\t\t\t\t\t\t\t<\/div>\n\t\t\t\t<\/div>\n\t\t\t\t\t<\/div>\n\t\t<\/div>\n\t\t\t\t<div class=\"elementor-column elementor-col-50 elementor-top-column elementor-element elementor-element-959fce6\" data-id=\"959fce6\" data-element_type=\"column\">\n\t\t\t<div class=\"elementor-widget-wrap elementor-element-populated\">\n\t\t\t\t\t\t<div class=\"elementor-element elementor-element-d7fcfbb elementor-invisible elementor-widget elementor-widget-heading\" data-id=\"d7fcfbb\" data-element_type=\"widget\" data-settings=\"{&quot;_animation&quot;:&quot;fadeIn&quot;,&quot;_animation_delay&quot;:&quot;400&quot;}\" data-widget_type=\"heading.default\">\n\t\t\t\t<div class=\"elementor-widget-container\">\n\t\t\t\t\t<h5 class=\"elementor-heading-title elementor-size-default\">HELSING CUCUMBER GIN<\/h5>\t\t\t\t<\/div>\n\t\t\t\t<\/div>\n\t\t\t\t<div class=\"elementor-element elementor-element-8c0a179 elementor-widget elementor-widget-heading\" data-id=\"8c0a179\" data-element_type=\"widget\" data-widget_type=\"heading.default\">\n\t\t\t\t<div class=\"elementor-widget-container\">\n\t\t\t\t\t<h5 class=\"elementor-heading-title elementor-size-default\">Colabs Frillestads Gurka<br>43% vol.| 50 cl. | 395 kr. <\/h5>\t\t\t\t<\/div>\n\t\t\t\t<\/div>\n\t\t\t\t<div class=\"elementor-element elementor-element-646c887 elementor-widget-divider--view-line elementor-widget elementor-widget-divider\" data-id=\"646c887\" data-element_type=\"widget\" data-widget_type=\"divider.default\">\n\t\t\t\t<div class=\"elementor-widget-container\">\n\t\t\t\t\t\t\t<div class=\"elementor-divider\">\n\t\t\t<span class=\"elementor-divider-separator\">\n\t\t\t\t\t\t<\/span>\n\t\t<\/div>\n\t\t\t\t\t\t<\/div>\n\t\t\t\t<\/div>\n\t\t\t\t<div class=\"elementor-element elementor-element-70abf59 elementor-widget elementor-widget-text-editor\" data-id=\"70abf59\" data-element_type=\"widget\" data-widget_type=\"text-editor.default\">\n\t\t\t\t<div class=\"elementor-widget-container\">\n\t\t\t\t\t\t\t\t\t<p>A temporary gin, flavoured with local cucumber from Frillestad's cucumber, which was too big, crooked or bright for the grocery store, but just perfect for our gin. Cumin and black pepper accommodate the cucumber in this 43% ABV gin, for a truly unique gin experience.&nbsp;<\/p>\n<p style=\"font-weight: 400;\">2025 \u00e5rs destillering b\u00f6rjar ta slut och det finns f\u00e5tal flaskor kvar p\u00e5 hyllan p\u00e5 Systembolagen i Helsingborg samt i v\u00e5r g\u00e5rdsbutik.&nbsp;&nbsp;<\/p><p style=\"font-weight: 400;\">2026 \u00e5rs destillering planeras att lanseras i juni 2026.&nbsp;<\/p>\n<p><span style=\"color: #0000ff;\"><a style=\"color: #0000ff;\" href=\"https:\/\/www.systembolaget.se\/produkt\/sprit\/helsing-3942502\/\">To Systembolaget <\/a><\/span><\/p>\n<p>ABOUT FRILLESTADS GURKA<\/p>\n<p style=\"font-weight: 400;\">Ett lokalt samarbete vi \u00e4r extra stolta \u00f6ver. Frillestads Gurka drivs idag av tredje generationens gurkodlare, Elin &amp; Jakob Klitte &nbsp;samt Rickard J\u00f6nsson, som varit del\u00e4gare sedan \u00e5r 2000. &nbsp;Odlingen ligger \u00f6ster om Helsingborg och id\u00e9n till samarbetet kom till vid en \u00f6verraskande ginprovning vid firandet av en 50-\u00e5ring. Man driver odlingen ur ett h\u00e5llbart, klimatsmart perspektiv d\u00e4r v\u00e4xthusen v\u00e4rms med skogs-och returflis. Bevattningen cirkulerar genom rening och f\u00f6r att bek\u00e4mpa skadedjur anv\u00e4nds nyttodjur. M\u00e5let \u00e4r att producera en h\u00f6gkvalitativ gurka med kortaste m\u00f6jligaste ledtid.<\/p>\n<p><a href=\"https:\/\/www.frillestadsgurka.se\">Read more about the farm, you will be linked to a new page.<\/a><\/p>\t\t\t\t\t\t\t\t<\/div>\n\t\t\t\t<\/div>\n\t\t\t\t\t<\/div>\n\t\t<\/div>\n\t\t\t\t\t<\/div>\n\t\t<\/section>\n\t\t\t\t<\/div>","protected":false},"excerpt":{"rendered":"<p>Tillbaka HELSING CUCUMBER GIN Colabs Frillestads Gurka43% vol.| 50 cl. | 395 kr. En tillf\u00e4llig gin, smaksatt av lokal gurka fr\u00e5n Frillestads gurka, som var f\u00f6r stor, krokig eller ljus f\u00f6r dagligvaruhandeln, men alldeles perfekt till v\u00e5r gin. Kummin och svartpeppar ackommoderar gurkan i denna gin p\u00e5 43% ABV, f\u00f6r en helt unik gin upplevelse.&nbsp; [&hellip;]<\/p>","protected":false},"author":1,"featured_media":0,"parent":0,"menu_order":0,"comment_status":"closed","ping_status":"closed","template":"","meta":{"_seopress_robots_primary_cat":"","_seopress_titles_title":"","_seopress_titles_desc":"","_seopress_robots_index":"","footnotes":""},"Pagecategories":[],"class_list":["post-55","page","type-page","status-publish","hentry"],"meta_box":[],"_links":{"self":[{"href":"https:\/\/www.helsingdistillery.se\/en\/wp-json\/wp\/v2\/pages\/55","targetHints":{"allow":["GET"]}}],"collection":[{"href":"https:\/\/www.helsingdistillery.se\/en\/wp-json\/wp\/v2\/pages"}],"about":[{"href":"https:\/\/www.helsingdistillery.se\/en\/wp-json\/wp\/v2\/types\/page"}],"author":[{"embeddable":true,"href":"https:\/\/www.helsingdistillery.se\/en\/wp-json\/wp\/v2\/users\/1"}],"replies":[{"embeddable":true,"href":"https:\/\/www.helsingdistillery.se\/en\/wp-json\/wp\/v2\/comments?post=55"}],"version-history":[{"count":45,"href":"https:\/\/www.helsingdistillery.se\/en\/wp-json\/wp\/v2\/pages\/55\/revisions"}],"predecessor-version":[{"id":1482,"href":"https:\/\/www.helsingdistillery.se\/en\/wp-json\/wp\/v2\/pages\/55\/revisions\/1482"}],"wp:attachment":[{"href":"https:\/\/www.helsingdistillery.se\/en\/wp-json\/wp\/v2\/media?parent=55"}],"wp:term":[{"taxonomy":"Pagecategories","embeddable":true,"href":"https:\/\/www.helsingdistillery.se\/en\/wp-json\/wp\/v2\/Pagecategories?post=55"}],"curies":[{"name":"wp","href":"https:\/\/api.w.org\/{rel}","templated":true}]}}