{"id":561,"date":"2022-08-05T14:02:55","date_gmt":"2022-08-05T12:02:55","guid":{"rendered":"https:\/\/www.helsingdistillery.se\/?page_id=561"},"modified":"2026-01-14T22:23:35","modified_gmt":"2026-01-14T21:23:35","slug":"helsing-london-dry-gin","status":"publish","type":"page","link":"https:\/\/www.helsingdistillery.se\/en\/helsing-london-dry-gin\/","title":{"rendered":"Helsing London Dry Gin"},"content":{"rendered":"<div data-elementor-type=\"wp-page\" data-elementor-id=\"561\" class=\"elementor elementor-561\" data-elementor-post-type=\"page\">\n\t\t\t\t\t\t<section class=\"elementor-section elementor-top-section elementor-element elementor-element-5ef31497 elementor-section-full_width elementor-section-height-min-height elementor-section-height-default elementor-section-items-middle\" data-id=\"5ef31497\" data-element_type=\"section\">\n\t\t\t\t\t\t<div class=\"elementor-container elementor-column-gap-default\">\n\t\t\t\t\t<div class=\"elementor-column elementor-col-50 elementor-top-column elementor-element elementor-element-733c9a50\" data-id=\"733c9a50\" data-element_type=\"column\">\n\t\t\t<div class=\"elementor-widget-wrap elementor-element-populated\">\n\t\t\t\t\t\t<div class=\"elementor-element elementor-element-44f641f5 elementor-align-start elementor-icon-list--layout-traditional elementor-list-item-link-full_width elementor-widget elementor-widget-icon-list\" data-id=\"44f641f5\" data-element_type=\"widget\" data-widget_type=\"icon-list.default\">\n\t\t\t\t<div class=\"elementor-widget-container\">\n\t\t\t\t\t\t\t<ul class=\"elementor-icon-list-items\">\n\t\t\t\t\t\t\t<li class=\"elementor-icon-list-item\">\n\t\t\t\t\t\t\t\t\t\t\t<a href=\"https:\/\/www.helsingdistillery.se\/en\/kryddsprit\/\">\n\n\t\t\t\t\t\t\t\t\t\t\t\t<span class=\"elementor-icon-list-icon\">\n\t\t\t\t\t\t\t<i aria-hidden=\"true\" class=\"fal fa-long-arrow-left\"><\/i>\t\t\t\t\t\t<\/span>\n\t\t\t\t\t\t\t\t\t\t<span class=\"elementor-icon-list-text\">Tillbaka<\/span>\n\t\t\t\t\t\t\t\t\t\t\t<\/a>\n\t\t\t\t\t\t\t\t\t<\/li>\n\t\t\t\t\t\t<\/ul>\n\t\t\t\t\t\t<\/div>\n\t\t\t\t<\/div>\n\t\t\t\t<div class=\"elementor-element elementor-element-15739125 elementor-widget elementor-widget-image\" data-id=\"15739125\" data-element_type=\"widget\" data-widget_type=\"image.default\">\n\t\t\t\t<div class=\"elementor-widget-container\">\n\t\t\t\t\t\t\t\t\t\t\t\t\t\t\t<img fetchpriority=\"high\" decoding=\"async\" width=\"800\" height=\"1000\" src=\"https:\/\/www.helsingdistillery.se\/wp-content\/uploads\/2026\/01\/Namnlos-design-8-819x1024.png\" class=\"attachment-large size-large wp-image-1434\" alt=\"\" srcset=\"https:\/\/www.helsingdistillery.se\/wp-content\/uploads\/2026\/01\/Namnlos-design-8-819x1024.png 819w, https:\/\/www.helsingdistillery.se\/wp-content\/uploads\/2026\/01\/Namnlos-design-8-240x300.png 240w, https:\/\/www.helsingdistillery.se\/wp-content\/uploads\/2026\/01\/Namnlos-design-8-768x960.png 768w, https:\/\/www.helsingdistillery.se\/wp-content\/uploads\/2026\/01\/Namnlos-design-8-10x12.png 10w, https:\/\/www.helsingdistillery.se\/wp-content\/uploads\/2026\/01\/Namnlos-design-8.png 1080w\" sizes=\"(max-width: 800px) 100vw, 800px\" \/>\t\t\t\t\t\t\t\t\t\t\t\t\t\t\t<\/div>\n\t\t\t\t<\/div>\n\t\t\t\t\t<\/div>\n\t\t<\/div>\n\t\t\t\t<div class=\"elementor-column elementor-col-50 elementor-top-column elementor-element elementor-element-1ea4eed4\" data-id=\"1ea4eed4\" data-element_type=\"column\">\n\t\t\t<div class=\"elementor-widget-wrap elementor-element-populated\">\n\t\t\t\t\t\t<div class=\"elementor-element elementor-element-767e7fd9 elementor-invisible elementor-widget elementor-widget-heading\" data-id=\"767e7fd9\" data-element_type=\"widget\" data-settings=\"{&quot;_animation&quot;:&quot;fadeIn&quot;,&quot;_animation_delay&quot;:&quot;400&quot;}\" data-widget_type=\"heading.default\">\n\t\t\t\t<div class=\"elementor-widget-container\">\n\t\t\t\t\t<h5 class=\"elementor-heading-title elementor-size-default\">Helsing London Dry Gin<\/h5>\t\t\t\t<\/div>\n\t\t\t\t<\/div>\n\t\t\t\t<div class=\"elementor-element elementor-element-6ec03b14 elementor-widget elementor-widget-heading\" data-id=\"6ec03b14\" data-element_type=\"widget\" data-widget_type=\"heading.default\">\n\t\t\t\t<div class=\"elementor-widget-container\">\n\t\t\t\t\t<h5 class=\"elementor-heading-title elementor-size-default\">43% vol.| 50 cl. | 339 kr.<\/h5>\t\t\t\t<\/div>\n\t\t\t\t<\/div>\n\t\t\t\t<div class=\"elementor-element elementor-element-6e9c46c3 elementor-widget-divider--view-line elementor-widget elementor-widget-divider\" data-id=\"6e9c46c3\" data-element_type=\"widget\" data-widget_type=\"divider.default\">\n\t\t\t\t<div class=\"elementor-widget-container\">\n\t\t\t\t\t\t\t<div class=\"elementor-divider\">\n\t\t\t<span class=\"elementor-divider-separator\">\n\t\t\t\t\t\t<\/span>\n\t\t<\/div>\n\t\t\t\t\t\t<\/div>\n\t\t\t\t<\/div>\n\t\t\t\t<div class=\"elementor-element elementor-element-2dfc4fe7 elementor-widget elementor-widget-text-editor\" data-id=\"2dfc4fe7\" data-element_type=\"widget\" data-widget_type=\"text-editor.default\">\n\t\t\t\t<div class=\"elementor-widget-container\">\n\t\t\t\t\t\t\t\t\t<p style=\"font-weight: 400;\">Kryddig smak med inslag av enb\u00e4r, citronskal , apelsin, ros\u00e9peppar och \u00f6rter.<\/p><p>En klassisk London Dry gin, d\u00e4r vi l\u00e5tit enb\u00e4r och koriander ta huvudrollen. Resultatet \u00e4r en gin d\u00e4r varje komponent har ett tydligt syfte: struktur, torrhet och precision. En gin som inte vill imponera med komplexitet, utan leverera med sj\u00e4lvklarhet. Destillerad l\u00e5ngsamt till en h\u00f6g alkoholstyrka som sedan \u00e4r nedsp\u00e4dd till 43% ABV, f\u00f6r en riktigt anglofil gin upplevelse.<\/p><p>I maj 2025 vann Helsing London Dry Gin guld i den nationella gin och tonict\u00e4vlingen som gick av stapeln p\u00e5 Spritmuseum i Stockholm. Motiveringen fr\u00e5n juryn l\u00f6d:<\/p><p><em style=\"font-weight: bold;\">&#8221;<\/em><i><b> En mycket, mycket genomarbetad gin som blir en perfekt defintion av vad en hantverksm\u00e4ssig London Dry Gin kan vara. Och b\u00f6r vara. &#8221;<\/b><\/i><\/p><p><span style=\"color: #0000ff;\"><a style=\"color: #0000ff;\" href=\"https:\/\/www.systembolaget.se\/produkt\/sprit\/helsing-3367502\/\">To Systembolaget <\/a><\/span><\/p>\t\t\t\t\t\t\t\t<\/div>\n\t\t\t\t<\/div>\n\t\t\t\t\t<\/div>\n\t\t<\/div>\n\t\t\t\t\t<\/div>\n\t\t<\/section>\n\t\t\t\t<\/div>","protected":false},"excerpt":{"rendered":"<p>Tillbaka Helsing London Dry Gin 43% vol.| 50 cl. | 339 kr. Kryddig smak med inslag av enb\u00e4r, citronskal , apelsin, ros\u00e9peppar och \u00f6rter. En klassisk London Dry gin, d\u00e4r vi l\u00e5tit enb\u00e4r och koriander ta huvudrollen. Resultatet \u00e4r en gin d\u00e4r varje komponent har ett tydligt syfte: struktur, torrhet och precision. En gin som [&hellip;]<\/p>","protected":false},"author":1,"featured_media":0,"parent":0,"menu_order":0,"comment_status":"closed","ping_status":"closed","template":"","meta":{"_seopress_robots_primary_cat":"","_seopress_titles_title":"","_seopress_titles_desc":"","_seopress_robots_index":"","footnotes":""},"Pagecategories":[],"class_list":["post-561","page","type-page","status-publish","hentry"],"meta_box":[],"_links":{"self":[{"href":"https:\/\/www.helsingdistillery.se\/en\/wp-json\/wp\/v2\/pages\/561","targetHints":{"allow":["GET"]}}],"collection":[{"href":"https:\/\/www.helsingdistillery.se\/en\/wp-json\/wp\/v2\/pages"}],"about":[{"href":"https:\/\/www.helsingdistillery.se\/en\/wp-json\/wp\/v2\/types\/page"}],"author":[{"embeddable":true,"href":"https:\/\/www.helsingdistillery.se\/en\/wp-json\/wp\/v2\/users\/1"}],"replies":[{"embeddable":true,"href":"https:\/\/www.helsingdistillery.se\/en\/wp-json\/wp\/v2\/comments?post=561"}],"version-history":[{"count":41,"href":"https:\/\/www.helsingdistillery.se\/en\/wp-json\/wp\/v2\/pages\/561\/revisions"}],"predecessor-version":[{"id":1442,"href":"https:\/\/www.helsingdistillery.se\/en\/wp-json\/wp\/v2\/pages\/561\/revisions\/1442"}],"wp:attachment":[{"href":"https:\/\/www.helsingdistillery.se\/en\/wp-json\/wp\/v2\/media?parent=561"}],"wp:term":[{"taxonomy":"Pagecategories","embeddable":true,"href":"https:\/\/www.helsingdistillery.se\/en\/wp-json\/wp\/v2\/Pagecategories?post=561"}],"curies":[{"name":"wp","href":"https:\/\/api.w.org\/{rel}","templated":true}]}}