{"id":756,"date":"2023-04-28T07:58:22","date_gmt":"2023-04-28T05:58:22","guid":{"rendered":"https:\/\/www.helsingdistillery.se\/?page_id=756"},"modified":"2025-11-23T20:57:57","modified_gmt":"2025-11-23T19:57:57","slug":"helsing-single-barrel-gin","status":"publish","type":"page","link":"https:\/\/www.helsingdistillery.se\/en\/helsing-single-barrel-gin\/","title":{"rendered":"Helsing Single barrel gin"},"content":{"rendered":"<div data-elementor-type=\"wp-page\" data-elementor-id=\"756\" class=\"elementor elementor-756\" data-elementor-post-type=\"page\">\n\t\t\t\t\t\t<section class=\"elementor-section elementor-top-section elementor-element elementor-element-4f09646f elementor-section-full_width elementor-section-height-min-height elementor-section-height-default elementor-section-items-middle\" data-id=\"4f09646f\" data-element_type=\"section\">\n\t\t\t\t\t\t<div class=\"elementor-container elementor-column-gap-default\">\n\t\t\t\t\t<div class=\"elementor-column elementor-col-50 elementor-top-column elementor-element elementor-element-50ae0e64\" data-id=\"50ae0e64\" data-element_type=\"column\">\n\t\t\t<div class=\"elementor-widget-wrap elementor-element-populated\">\n\t\t\t\t\t\t<div class=\"elementor-element elementor-element-74e13433 elementor-align-start elementor-icon-list--layout-traditional elementor-list-item-link-full_width elementor-widget elementor-widget-icon-list\" data-id=\"74e13433\" data-element_type=\"widget\" data-widget_type=\"icon-list.default\">\n\t\t\t\t<div class=\"elementor-widget-container\">\n\t\t\t\t\t\t\t<ul class=\"elementor-icon-list-items\">\n\t\t\t\t\t\t\t<li class=\"elementor-icon-list-item\">\n\t\t\t\t\t\t\t\t\t\t\t<a href=\"https:\/\/www.helsingdistillery.se\/en\/kryddsprit\/\">\n\n\t\t\t\t\t\t\t\t\t\t\t\t<span class=\"elementor-icon-list-icon\">\n\t\t\t\t\t\t\t<i aria-hidden=\"true\" class=\"fal fa-long-arrow-left\"><\/i>\t\t\t\t\t\t<\/span>\n\t\t\t\t\t\t\t\t\t\t<span class=\"elementor-icon-list-text\">Tillbaka<\/span>\n\t\t\t\t\t\t\t\t\t\t\t<\/a>\n\t\t\t\t\t\t\t\t\t<\/li>\n\t\t\t\t\t\t<\/ul>\n\t\t\t\t\t\t<\/div>\n\t\t\t\t<\/div>\n\t\t\t\t<div class=\"elementor-element elementor-element-1661f8bb elementor-widget elementor-widget-image\" data-id=\"1661f8bb\" data-element_type=\"widget\" data-widget_type=\"image.default\">\n\t\t\t\t<div class=\"elementor-widget-container\">\n\t\t\t\t\t\t\t\t\t\t\t\t\t\t\t<img fetchpriority=\"high\" decoding=\"async\" width=\"424\" height=\"756\" src=\"https:\/\/www.helsingdistillery.se\/wp-content\/uploads\/2025\/08\/Skarmavbild-2025-08-18-kl.-22.31.49.png\" class=\"attachment-large size-large wp-image-1377\" alt=\"\" srcset=\"https:\/\/www.helsingdistillery.se\/wp-content\/uploads\/2025\/08\/Skarmavbild-2025-08-18-kl.-22.31.49.png 424w, https:\/\/www.helsingdistillery.se\/wp-content\/uploads\/2025\/08\/Skarmavbild-2025-08-18-kl.-22.31.49-168x300.png 168w, https:\/\/www.helsingdistillery.se\/wp-content\/uploads\/2025\/08\/Skarmavbild-2025-08-18-kl.-22.31.49-7x12.png 7w\" sizes=\"(max-width: 424px) 100vw, 424px\" \/>\t\t\t\t\t\t\t\t\t\t\t\t\t\t\t<\/div>\n\t\t\t\t<\/div>\n\t\t\t\t\t<\/div>\n\t\t<\/div>\n\t\t\t\t<div class=\"elementor-column elementor-col-50 elementor-top-column elementor-element elementor-element-2934b282\" data-id=\"2934b282\" data-element_type=\"column\">\n\t\t\t<div class=\"elementor-widget-wrap elementor-element-populated\">\n\t\t\t\t\t\t<div class=\"elementor-element elementor-element-2989fd7e elementor-invisible elementor-widget elementor-widget-heading\" data-id=\"2989fd7e\" data-element_type=\"widget\" data-settings=\"{&quot;_animation&quot;:&quot;fadeIn&quot;,&quot;_animation_delay&quot;:&quot;400&quot;}\" data-widget_type=\"heading.default\">\n\t\t\t\t<div class=\"elementor-widget-container\">\n\t\t\t\t\t<h5 class=\"elementor-heading-title elementor-size-default\">Helsing Single barrel gin<\/h5>\t\t\t\t<\/div>\n\t\t\t\t<\/div>\n\t\t\t\t<div class=\"elementor-element elementor-element-39d2aa7f elementor-widget elementor-widget-heading\" data-id=\"39d2aa7f\" data-element_type=\"widget\" data-widget_type=\"heading.default\">\n\t\t\t\t<div class=\"elementor-widget-container\">\n\t\t\t\t\t<h5 class=\"elementor-heading-title elementor-size-default\">43% vol.<\/h5>\t\t\t\t<\/div>\n\t\t\t\t<\/div>\n\t\t\t\t<div class=\"elementor-element elementor-element-45b7005 elementor-widget-divider--view-line elementor-widget elementor-widget-divider\" data-id=\"45b7005\" data-element_type=\"widget\" data-widget_type=\"divider.default\">\n\t\t\t\t<div class=\"elementor-widget-container\">\n\t\t\t\t\t\t\t<div class=\"elementor-divider\">\n\t\t\t<span class=\"elementor-divider-separator\">\n\t\t\t\t\t\t<\/span>\n\t\t<\/div>\n\t\t\t\t\t\t<\/div>\n\t\t\t\t<\/div>\n\t\t\t\t<div class=\"elementor-element elementor-element-29163ce4 elementor-widget elementor-widget-text-editor\" data-id=\"29163ce4\" data-element_type=\"widget\" data-widget_type=\"text-editor.default\">\n\t\t\t\t<div class=\"elementor-widget-container\">\n\t\t\t\t\t\t\t\t\t<p>Discover a whole new dimension with our new premium range of barrel-aged gin. This unique drink has been aged in different oak barrels to give it a rich and complex flavour profile that is unique to barrel-aged gin. While traditional gin is known for its fresh and spicy flavour, our barrel-aged gin takes it to a new level. Barrel aging gives it a smoother and sophisticated taste, with notes of vanilla, caramel and toasted oak that balance perfectly with the classic gin flavours.\u00a0<\/p><p>Our barrel-aged gin range is perfect for those who want to experience something new and exciting in the world of gin. It also makes a great gift for the gin enthusiast or spirit nerd who wants to try something different.\u00a0<\/p><h5><span style=\"text-decoration: underline;\">LOT 2 LANSERAS 21 NOV.2025<\/span><\/h5><p>VOLYM: 141 flaskor a 50 cl.\u00a0<\/p><p>SMAK:\u00a0<\/p><p>Med stor gl\u00e4dje presenterar vi nu fat nummer tv\u00e5 i v\u00e5r fatserie. H\u00e4r har v\u00e5r London Dry gin vilat 24 m\u00e5nader p\u00e5 det begagnade ekfatet fr\u00e5n v\u00e5r vermouthproduktion.\u00a0<\/p><p>\u00a0<\/p><h5><u>LOT 1 SLUTS\u00c5LD<\/u><\/h5><p>Volume: 200 bottles of 50 cl.<\/p><p>Nose: nuanced, spicy aroma with hints of barrel, juniper, dried herbs, dried citrus peel and vanilla.<\/p><p>Taste: Nuanced, spicy flavour with hints of barrel, juniper, bitter orange, spices, vanilla and caramel.<\/p><p>We are proud to present our first gin barrel. In this barrel we stored the farm's first Vermouth which was launched in the summer of 2022. The vermouth is produced from grapes from the farm's vineyard and was the first of its kind in Sweden. 19 selected herbs with a dominance of wormwood where the wine was enhanced with grape spirit and then stored in a 100-litre barrel.  The vermouth barrel contributes warm, intense spices, caramel, vanilla and complexity.<\/p><p>Our Botanical Gin was aged in the Vermouth barrel for 12 months.<\/p><p><a href=\"https:\/\/www.systembolaget.se\/produkt\/sprit\/helsing-8552602\/\">To Systembolaget<\/a><\/p>\t\t\t\t\t\t\t\t<\/div>\n\t\t\t\t<\/div>\n\t\t\t\t\t<\/div>\n\t\t<\/div>\n\t\t\t\t\t<\/div>\n\t\t<\/section>\n\t\t\t\t<\/div>","protected":false},"excerpt":{"rendered":"<p>Tillbaka 43% vol. Uppt\u00e4ck en helt ny dimension av gin med v\u00e5r nya premiumserie av fatlagrad gin. Denna unika dryck har lagrats p\u00e5 olika ekfat f\u00f6r att ge den en rik och komplex smakprofil som \u00e4r speciell f\u00f6r fatlagrad gin. Medan traditionell gin \u00e4r k\u00e4nd f\u00f6r sin friska och kryddiga smak, tar v\u00e5r fatlagrade gin [&hellip;]<\/p>","protected":false},"author":1,"featured_media":0,"parent":0,"menu_order":0,"comment_status":"closed","ping_status":"closed","template":"","meta":{"_seopress_robots_primary_cat":"","_seopress_titles_title":"","_seopress_titles_desc":"","_seopress_robots_index":"","footnotes":""},"Pagecategories":[],"class_list":["post-756","page","type-page","status-publish","hentry"],"meta_box":[],"_links":{"self":[{"href":"https:\/\/www.helsingdistillery.se\/en\/wp-json\/wp\/v2\/pages\/756","targetHints":{"allow":["GET"]}}],"collection":[{"href":"https:\/\/www.helsingdistillery.se\/en\/wp-json\/wp\/v2\/pages"}],"about":[{"href":"https:\/\/www.helsingdistillery.se\/en\/wp-json\/wp\/v2\/types\/page"}],"author":[{"embeddable":true,"href":"https:\/\/www.helsingdistillery.se\/en\/wp-json\/wp\/v2\/users\/1"}],"replies":[{"embeddable":true,"href":"https:\/\/www.helsingdistillery.se\/en\/wp-json\/wp\/v2\/comments?post=756"}],"version-history":[{"count":57,"href":"https:\/\/www.helsingdistillery.se\/en\/wp-json\/wp\/v2\/pages\/756\/revisions"}],"predecessor-version":[{"id":1426,"href":"https:\/\/www.helsingdistillery.se\/en\/wp-json\/wp\/v2\/pages\/756\/revisions\/1426"}],"wp:attachment":[{"href":"https:\/\/www.helsingdistillery.se\/en\/wp-json\/wp\/v2\/media?parent=756"}],"wp:term":[{"taxonomy":"Pagecategories","embeddable":true,"href":"https:\/\/www.helsingdistillery.se\/en\/wp-json\/wp\/v2\/Pagecategories?post=756"}],"curies":[{"name":"wp","href":"https:\/\/api.w.org\/{rel}","templated":true}]}}