{"id":988,"date":"2025-04-25T09:11:47","date_gmt":"2025-04-25T07:11:47","guid":{"rendered":"https:\/\/www.helsingdistillery.se\/?page_id=988"},"modified":"2025-08-13T22:09:21","modified_gmt":"2025-08-13T20:09:21","slug":"gardsbutik","status":"publish","type":"page","link":"https:\/\/www.helsingdistillery.se\/en\/gardsbutik\/","title":{"rendered":"Farmshop"},"content":{"rendered":"<div data-elementor-type=\"wp-page\" data-elementor-id=\"988\" class=\"elementor elementor-988\" data-elementor-post-type=\"page\">\n\t\t\t\t\t\t<section class=\"elementor-section elementor-top-section elementor-element elementor-element-55fee44 elementor-section-full_width elementor-section-height-min-height elementor-section-content-middle elementor-reverse-mobile elementor-section-height-default elementor-section-items-middle\" data-id=\"55fee44\" data-element_type=\"section\">\n\t\t\t\t\t\t<div class=\"elementor-container elementor-column-gap-default\">\n\t\t\t\t\t<div class=\"elementor-column elementor-col-50 elementor-top-column elementor-element elementor-element-8b957c5\" data-id=\"8b957c5\" data-element_type=\"column\">\n\t\t\t<div class=\"elementor-widget-wrap elementor-element-populated\">\n\t\t\t\t\t\t<div class=\"elementor-element elementor-element-591ec70 elementor-invisible elementor-widget elementor-widget-heading\" data-id=\"591ec70\" data-element_type=\"widget\" data-settings=\"{&quot;_animation&quot;:&quot;fadeIn&quot;,&quot;_animation_delay&quot;:&quot;400&quot;}\" data-widget_type=\"heading.default\">\n\t\t\t\t<div class=\"elementor-widget-container\">\n\t\t\t\t\t<h1 class=\"elementor-heading-title elementor-size-default\">Farmshop<\/h1>\t\t\t\t<\/div>\n\t\t\t\t<\/div>\n\t\t\t\t<div class=\"elementor-element elementor-element-e3628e6 elementor-invisible elementor-widget elementor-widget-text-editor\" data-id=\"e3628e6\" data-element_type=\"widget\" data-settings=\"{&quot;_animation&quot;:&quot;fadeIn&quot;,&quot;_animation_delay&quot;:400}\" data-widget_type=\"text-editor.default\">\n\t\t\t\t<div class=\"elementor-widget-container\">\n\t\t\t\t\t\t\t\t\t<p>\u00d6PPETTIDER<\/p><p>Augusti och september\u00a0 2025:<\/p><p>L\u00f6rdagar 14.00-16.00<\/p><p>S\u00f6ndagar kl 14.00-16.00<\/p><p>Vi har guidade turer som \u00e4r bokningsbara via v\u00e5r hemsida\u00a0<span style=\"text-decoration: underline;\"><strong><a href=\"https:\/\/nortic.se\/ticket\/event\/69287\">here <\/a><\/strong><\/span>eller via drop in kl 14.00 och 15.00 l\u00f6rdagar och s\u00f6ndagar.\u00a0<\/p>\t\t\t\t\t\t\t\t<\/div>\n\t\t\t\t<\/div>\n\t\t\t\t\t<\/div>\n\t\t<\/div>\n\t\t\t\t<div class=\"elementor-column elementor-col-50 elementor-top-column elementor-element elementor-element-20eeb33\" data-id=\"20eeb33\" data-element_type=\"column\">\n\t\t\t<div class=\"elementor-widget-wrap elementor-element-populated\">\n\t\t\t\t\t\t<div class=\"elementor-element elementor-element-3a4dd7f elementor-widget elementor-widget-image\" data-id=\"3a4dd7f\" data-element_type=\"widget\" data-widget_type=\"image.default\">\n\t\t\t\t<div class=\"elementor-widget-container\">\n\t\t\t\t\t\t\t\t\t\t\t\t\t\t\t<img fetchpriority=\"high\" decoding=\"async\" width=\"800\" height=\"450\" src=\"https:\/\/www.helsingdistillery.se\/wp-content\/uploads\/2022\/12\/Signering_Sociala-Medier-scaled-1-1024x576.jpg\" class=\"attachment-large size-large wp-image-667\" alt=\"\" srcset=\"https:\/\/www.helsingdistillery.se\/wp-content\/uploads\/2022\/12\/Signering_Sociala-Medier-scaled-1-1024x576.jpg 1024w, https:\/\/www.helsingdistillery.se\/wp-content\/uploads\/2022\/12\/Signering_Sociala-Medier-scaled-1-300x169.jpg 300w, https:\/\/www.helsingdistillery.se\/wp-content\/uploads\/2022\/12\/Signering_Sociala-Medier-scaled-1-768x432.jpg 768w, https:\/\/www.helsingdistillery.se\/wp-content\/uploads\/2022\/12\/Signering_Sociala-Medier-scaled-1-1536x864.jpg 1536w, https:\/\/www.helsingdistillery.se\/wp-content\/uploads\/2022\/12\/Signering_Sociala-Medier-scaled-1-2048x1152.jpg 2048w, https:\/\/www.helsingdistillery.se\/wp-content\/uploads\/2022\/12\/Signering_Sociala-Medier-scaled-1-18x10.jpg 18w\" sizes=\"(max-width: 800px) 100vw, 800px\" \/>\t\t\t\t\t\t\t\t\t\t\t\t\t\t\t<\/div>\n\t\t\t\t<\/div>\n\t\t\t\t\t<\/div>\n\t\t<\/div>\n\t\t\t\t\t<\/div>\n\t\t<\/section>\n\t\t\t\t<section class=\"elementor-section elementor-top-section elementor-element elementor-element-3315888 elementor-section-boxed elementor-section-height-default elementor-section-height-default\" data-id=\"3315888\" data-element_type=\"section\">\n\t\t\t\t\t\t<div class=\"elementor-container elementor-column-gap-default\">\n\t\t\t\t\t<div class=\"elementor-column elementor-col-100 elementor-top-column elementor-element elementor-element-a7262d3\" data-id=\"a7262d3\" data-element_type=\"column\">\n\t\t\t<div class=\"elementor-widget-wrap elementor-element-populated\">\n\t\t\t\t\t\t<div class=\"elementor-element elementor-element-09d67a4 elementor-widget elementor-widget-text-editor\" data-id=\"09d67a4\" data-element_type=\"widget\" data-widget_type=\"text-editor.default\">\n\t\t\t\t<div class=\"elementor-widget-container\">\n\t\t\t\t\t\t\t\t\t<p>Den 1 juni 2025 invigdes v\u00e5r g\u00e5rdsbutik p\u00e5 Lottenlund, n\u00e4r den nya lagen om g\u00e5rdsf\u00f6rs\u00e4ljning tr\u00e4dde i kraft.\u00a0<\/p><p>I butiken erbjuder vi f\u00f6rs\u00e4ljning och provsmakning av de drycker vi producerar p\u00e5 g\u00e5rden. Det finns ocks\u00e5 tonics, \u00e4ppelmust och honung fr\u00e5n g\u00e5rden, presentartiklar och glas.\u00a0<\/p><p>F\u00f6r att k\u00f6pa de alkoholhaltiga dryckerna kr\u00e4vs ett kunskapsh\u00f6jande evenemang i 30 minuter f\u00f6r 95 kr.\u00a0 Dessa finns bokningsbara <a href=\"https:\/\/nortic.se\/ticket\/organizer\/2885\">here<\/a>. Det g\u00e5r utm\u00e4rkt att komma drop in ocks\u00e5 enligt de tider som presenteras men med begr\u00e4nsad plats.\u00a0<\/p><p>Provsmakning av alla v\u00e5ra drycker sker i g\u00e5rdsbutiken eller i vineriet\/destilleriet i anslutning till det kunskapsh\u00f6jande evenemanget. Ett smakprov:<\/p><p>Destillat 50 kr<\/p><p>Vin 50 kr<\/p><p>F\u00f6r premiumprovningar inom vin och gin\/destillat hittar du mer information\u00a0 <a href=\"https:\/\/nortic.se\/ticket\/organizer\/2885\">h\u00e4r.<\/a><\/p>\t\t\t\t\t\t\t\t<\/div>\n\t\t\t\t<\/div>\n\t\t\t\t\t<\/div>\n\t\t<\/div>\n\t\t\t\t\t<\/div>\n\t\t<\/section>\n\t\t\t\t<\/div>","protected":false},"excerpt":{"rendered":"<p>G\u00e5rdsbutik \u00d6PPETTIDER Augusti och september\u00a0 2025: L\u00f6rdagar 14.00-16.00 S\u00f6ndagar kl 14.00-16.00 Vi har guidade turer som \u00e4r bokningsbara via v\u00e5r hemsida\u00a0h\u00e4r eller via drop in kl 14.00 och 15.00 l\u00f6rdagar och s\u00f6ndagar.\u00a0 Den 1 juni 2025 invigdes v\u00e5r g\u00e5rdsbutik p\u00e5 Lottenlund, n\u00e4r den nya lagen om g\u00e5rdsf\u00f6rs\u00e4ljning tr\u00e4dde i kraft.\u00a0 I butiken erbjuder vi f\u00f6rs\u00e4ljning [&hellip;]<\/p>","protected":false},"author":3,"featured_media":0,"parent":0,"menu_order":0,"comment_status":"closed","ping_status":"closed","template":"","meta":{"_seopress_robots_primary_cat":"","_seopress_titles_title":"","_seopress_titles_desc":"","_seopress_robots_index":"","footnotes":""},"Pagecategories":[],"class_list":["post-988","page","type-page","status-publish","hentry"],"meta_box":[],"_links":{"self":[{"href":"https:\/\/www.helsingdistillery.se\/en\/wp-json\/wp\/v2\/pages\/988","targetHints":{"allow":["GET"]}}],"collection":[{"href":"https:\/\/www.helsingdistillery.se\/en\/wp-json\/wp\/v2\/pages"}],"about":[{"href":"https:\/\/www.helsingdistillery.se\/en\/wp-json\/wp\/v2\/types\/page"}],"author":[{"embeddable":true,"href":"https:\/\/www.helsingdistillery.se\/en\/wp-json\/wp\/v2\/users\/3"}],"replies":[{"embeddable":true,"href":"https:\/\/www.helsingdistillery.se\/en\/wp-json\/wp\/v2\/comments?post=988"}],"version-history":[{"count":72,"href":"https:\/\/www.helsingdistillery.se\/en\/wp-json\/wp\/v2\/pages\/988\/revisions"}],"predecessor-version":[{"id":1321,"href":"https:\/\/www.helsingdistillery.se\/en\/wp-json\/wp\/v2\/pages\/988\/revisions\/1321"}],"wp:attachment":[{"href":"https:\/\/www.helsingdistillery.se\/en\/wp-json\/wp\/v2\/media?parent=988"}],"wp:term":[{"taxonomy":"Pagecategories","embeddable":true,"href":"https:\/\/www.helsingdistillery.se\/en\/wp-json\/wp\/v2\/Pagecategories?post=988"}],"curies":[{"name":"wp","href":"https:\/\/api.w.org\/{rel}","templated":true}]}}